{"id":1671,"date":"2024-03-13T09:27:17","date_gmt":"2024-03-13T08:27:17","guid":{"rendered":"https:\/\/ogoulaiquaqua.com\/?page_id=1671"},"modified":"2024-03-13T09:30:20","modified_gmt":"2024-03-13T08:30:20","slug":"poeme-o-conscience","status":"publish","type":"page","link":"https:\/\/ogoulaiquaqua.com\/en\/poeme-o-conscience\/","title":{"rendered":"Poem : \u00d4 conscience"},"content":{"rendered":"<div data-elementor-type=\"wp-page\" data-elementor-id=\"1671\" class=\"elementor elementor-1671\" data-elementor-post-type=\"page\">\n\t\t\t\t\t\t<section class=\"elementor-section elementor-top-section elementor-element elementor-element-b1a4517 elementor-section-height-min-height elementor-section-boxed elementor-section-height-default elementor-section-items-middle\" data-id=\"b1a4517\" data-element_type=\"section\" data-e-type=\"section\" data-settings=\"{&quot;background_background&quot;:&quot;classic&quot;}\">\n\t\t\t\t\t\t<div class=\"elementor-container elementor-column-gap-default\">\n\t\t\t\t\t<div class=\"elementor-column elementor-col-100 elementor-top-column elementor-element elementor-element-6596812\" data-id=\"6596812\" data-element_type=\"column\" data-e-type=\"column\">\n\t\t\t<div class=\"elementor-widget-wrap elementor-element-populated\">\n\t\t\t\t\t\t<div class=\"elementor-element elementor-element-3a51c3d elementor-widget elementor-widget-theme-post-title elementor-page-title elementor-widget-heading\" data-id=\"3a51c3d\" data-element_type=\"widget\" data-e-type=\"widget\" data-widget_type=\"theme-post-title.default\">\n\t\t\t\t<div class=\"elementor-widget-container\">\n\t\t\t\t\t<h1 class=\"elementor-heading-title elementor-size-default\">Poem : \u00d4 conscience<\/h1>\t\t\t\t<\/div>\n\t\t\t\t<\/div>\n\t\t\t\t\t<\/div>\n\t\t<\/div>\n\t\t\t\t\t<\/div>\n\t\t<\/section>\n\t\t<div class=\"elementor-element elementor-element-9b51e5d e-flex e-con-boxed e-con e-parent\" data-id=\"9b51e5d\" data-element_type=\"container\" data-e-type=\"container\" data-settings=\"{&quot;background_background&quot;:&quot;classic&quot;}\">\n\t\t\t\t\t<div class=\"e-con-inner\">\n\t\t<div class=\"elementor-element elementor-element-a064eae e-con-full e-flex e-con e-child\" data-id=\"a064eae\" data-element_type=\"container\" data-e-type=\"container\">\n\t\t\t\t<div class=\"elementor-element elementor-element-ccb917e elementor-widget elementor-widget-heading\" data-id=\"ccb917e\" data-element_type=\"widget\" data-e-type=\"widget\" data-widget_type=\"heading.default\">\n\t\t\t\t<div class=\"elementor-widget-container\">\n\t\t\t\t\t<h2 class=\"elementor-heading-title elementor-size-default\">OH <br>consciousness<\/h2>\t\t\t\t<\/div>\n\t\t\t\t<\/div>\n\t\t<div class=\"elementor-element elementor-element-d15ff77 e-flex e-con-boxed e-con e-child\" data-id=\"d15ff77\" data-element_type=\"container\" data-e-type=\"container\">\n\t\t\t\t\t<div class=\"e-con-inner\">\n\t\t<div class=\"elementor-element elementor-element-8594fd3 elementor-hidden-mobile e-flex e-con-boxed e-con e-child\" data-id=\"8594fd3\" data-element_type=\"container\" data-e-type=\"container\">\n\t\t\t\t\t<div class=\"e-con-inner\">\n\t\t\t\t\t<\/div>\n\t\t\t\t<\/div>\n\t\t<div class=\"elementor-element elementor-element-c636d32 e-con-full e-flex e-con e-child\" data-id=\"c636d32\" data-element_type=\"container\" data-e-type=\"container\">\n\t\t\t\t<div class=\"elementor-element elementor-element-1d1d88b elementor-view-default elementor-widget elementor-widget-icon\" data-id=\"1d1d88b\" data-element_type=\"widget\" data-e-type=\"widget\" data-widget_type=\"icon.default\">\n\t\t\t\t<div class=\"elementor-widget-container\">\n\t\t\t\t\t\t\t<div class=\"elementor-icon-wrapper\">\n\t\t\t<div class=\"elementor-icon\">\n\t\t\t<i aria-hidden=\"true\" class=\"fas fa-quote-left\"><\/i>\t\t\t<\/div>\n\t\t<\/div>\n\t\t\t\t\t\t<\/div>\n\t\t\t\t<\/div>\n\t\t\t\t<div class=\"elementor-element elementor-element-2fc371e elementor-widget elementor-widget-text-editor\" data-id=\"2fc371e\" data-element_type=\"widget\" data-e-type=\"widget\" data-widget_type=\"text-editor.default\">\n\t\t\t\t<div class=\"elementor-widget-container\">\n\t\t\t\t\t\t\t\t\t<p>OH <br \/>Conscience<br \/>Eliwa-Bendj\u00e8\/ Gabon\/ Afrik occupied, <br \/>Eliwa-Bendj\u00e8 trampled, <br \/>Eliwa-Bendj\u00e8 humiliated, <br \/>Eliwa-Bendj\u00e8 bullied, <br \/>Eliwa-Bendj\u00e8 depreciated, <br \/>Eliwa-Bendj\u00e8 Martyred, <br \/>Eliwa-Bendj\u00e8 raped, <br \/>Deported, <br \/>Eliwa-Bendj\u00e8 despoiled, <br \/>Eliwa-Bendj\u00e8 dominated<\/p><p>But <br \/>Eliwa-Bendj\u00e8 <br \/>stands <br \/>Thanks to the conscience <br \/>Of its worthy and valiant sons, <br \/>As a bulwark <br \/>And ever sentinel. <br \/>Immortal <br \/>Soul \u00d4roungou! Gabonese!<\/p><p>African soul!<\/p>\t\t\t\t\t\t\t\t<\/div>\n\t\t\t\t<\/div>\n\t\t\t\t<div class=\"elementor-element elementor-element-640d82a elementor-view-default elementor-widget elementor-widget-icon\" data-id=\"640d82a\" data-element_type=\"widget\" data-e-type=\"widget\" data-widget_type=\"icon.default\">\n\t\t\t\t<div class=\"elementor-widget-container\">\n\t\t\t\t\t\t\t<div class=\"elementor-icon-wrapper\">\n\t\t\t<div class=\"elementor-icon\">\n\t\t\t<i aria-hidden=\"true\" class=\"fas fa-quote-right\"><\/i>\t\t\t<\/div>\n\t\t<\/div>\n\t\t\t\t\t\t<\/div>\n\t\t\t\t<\/div>\n\t\t\t\t<\/div>\n\t\t<div class=\"elementor-element elementor-element-c0d5ad1 elementor-hidden-mobile e-flex e-con-boxed e-con e-child\" data-id=\"c0d5ad1\" data-element_type=\"container\" data-e-type=\"container\">\n\t\t\t\t\t<div class=\"e-con-inner\">\n\t\t\t\t\t<\/div>\n\t\t\t\t<\/div>\n\t\t\t\t\t<\/div>\n\t\t\t\t<\/div>\n\t\t<div class=\"elementor-element elementor-element-edd3289 e-flex e-con-boxed e-con e-child\" data-id=\"edd3289\" data-element_type=\"container\" data-e-type=\"container\">\n\t\t\t\t\t<div class=\"e-con-inner\">\n\t\t<div class=\"elementor-element elementor-element-d55a97f e-flex e-con-boxed e-con e-child\" data-id=\"d55a97f\" data-element_type=\"container\" data-e-type=\"container\">\n\t\t\t\t\t<div class=\"e-con-inner\">\n\t\t\t\t<div class=\"elementor-element elementor-element-77b3249 elementor-widget elementor-widget-text-editor\" data-id=\"77b3249\" data-element_type=\"widget\" data-e-type=\"widget\" data-widget_type=\"text-editor.default\">\n\t\t\t\t<div class=\"elementor-widget-container\">\n\t\t\t\t\t\t\t\t\t<p>- Poem \u00d4 conscience by OMA<\/p>\t\t\t\t\t\t\t\t<\/div>\n\t\t\t\t<\/div>\n\t\t\t\t\t<\/div>\n\t\t\t\t<\/div>\n\t\t\t\t\t<\/div>\n\t\t\t\t<\/div>\n\t\t\t\t<\/div>\n\t\t\t\t\t<\/div>\n\t\t\t\t<\/div>\n\t\t\t\t<\/div>","protected":false},"excerpt":{"rendered":"<p>\u00d4 conscience \u00d4 ConscienceEliwa-Bendj\u00e8\/ Gabon\/ Afrik occup\u00e9, Eliwa-Bendj\u00e8 pi\u00e9tin\u00e9, Eliwa-Bendj\u00e8 humili\u00e9, Eliwa-Bendj\u00e8 brim\u00e9, Eliwa-Bendj\u00e8 d\u00e9pr\u00e9ci\u00e9, Eliwa-Bendj\u00e8 Martyris\u00e9, Eliwa-Bendj\u00e8 viol\u00e9, D\u00e9port\u00e9, Eliwa-Bendj\u00e8 spoli\u00e9, Eliwa-Bendj\u00e8 domin\u00e9 Mais Eliwa-Bendj\u00e8 Debout Grace \u00e0 la conscience De ses dignes et vaillants fils En rempart Et toujours en sentinelle. Immortelle \u00c2me \u00d4roungou ! Gabonaise ! \u00c2me Africaine ! &#8211; Po\u00e8me \u00d4 [&hellip;]<\/p>\n","protected":false},"author":1,"featured_media":0,"parent":0,"menu_order":0,"comment_status":"closed","ping_status":"closed","template":"","meta":{"site-sidebar-layout":"no-sidebar","site-content-layout":"","ast-site-content-layout":"full-width-container","site-content-style":"default","site-sidebar-style":"default","ast-global-header-display":"","ast-banner-title-visibility":"","ast-main-header-display":"","ast-hfb-above-header-display":"","ast-hfb-below-header-display":"","ast-hfb-mobile-header-display":"","site-post-title":"disabled","ast-breadcrumbs-content":"","ast-featured-img":"disabled","footer-sml-layout":"","theme-transparent-header-meta":"default","adv-header-id-meta":"","stick-header-meta":"","header-above-stick-meta":"","header-main-stick-meta":"","header-below-stick-meta":"","astra-migrate-meta-layouts":"set","ast-page-background-enabled":"default","ast-page-background-meta":{"desktop":{"background-color":"var(--ast-global-color-4)","background-image":"","background-repeat":"repeat","background-position":"center center","background-size":"auto","background-attachment":"scroll","background-type":"","background-media":"","overlay-type":"","overlay-color":"","overlay-opacity":"","overlay-gradient":""},"tablet":{"background-color":"","background-image":"","background-repeat":"repeat","background-position":"center center","background-size":"auto","background-attachment":"scroll","background-type":"","background-media":"","overlay-type":"","overlay-color":"","overlay-opacity":"","overlay-gradient":""},"mobile":{"background-color":"","background-image":"","background-repeat":"repeat","background-position":"center center","background-size":"auto","background-attachment":"scroll","background-type":"","background-media":"","overlay-type":"","overlay-color":"","overlay-opacity":"","overlay-gradient":""}},"ast-content-background-meta":{"desktop":{"background-color":"var(--ast-global-color-5)","background-image":"","background-repeat":"repeat","background-position":"center center","background-size":"auto","background-attachment":"scroll","background-type":"","background-media":"","overlay-type":"","overlay-color":"","overlay-opacity":"","overlay-gradient":""},"tablet":{"background-color":"var(--ast-global-color-5)","background-image":"","background-repeat":"repeat","background-position":"center center","background-size":"auto","background-attachment":"scroll","background-type":"","background-media":"","overlay-type":"","overlay-color":"","overlay-opacity":"","overlay-gradient":""},"mobile":{"background-color":"var(--ast-global-color-5)","background-image":"","background-repeat":"repeat","background-position":"center center","background-size":"auto","background-attachment":"scroll","background-type":"","background-media":"","overlay-type":"","overlay-color":"","overlay-opacity":"","overlay-gradient":""}},"footnotes":""},"class_list":["post-1671","page","type-page","status-publish","hentry"],"_links":{"self":[{"href":"https:\/\/ogoulaiquaqua.com\/en\/wp-json\/wp\/v2\/pages\/1671","targetHints":{"allow":["GET"]}}],"collection":[{"href":"https:\/\/ogoulaiquaqua.com\/en\/wp-json\/wp\/v2\/pages"}],"about":[{"href":"https:\/\/ogoulaiquaqua.com\/en\/wp-json\/wp\/v2\/types\/page"}],"author":[{"embeddable":true,"href":"https:\/\/ogoulaiquaqua.com\/en\/wp-json\/wp\/v2\/users\/1"}],"replies":[{"embeddable":true,"href":"https:\/\/ogoulaiquaqua.com\/en\/wp-json\/wp\/v2\/comments?post=1671"}],"version-history":[{"count":7,"href":"https:\/\/ogoulaiquaqua.com\/en\/wp-json\/wp\/v2\/pages\/1671\/revisions"}],"predecessor-version":[{"id":1678,"href":"https:\/\/ogoulaiquaqua.com\/en\/wp-json\/wp\/v2\/pages\/1671\/revisions\/1678"}],"wp:attachment":[{"href":"https:\/\/ogoulaiquaqua.com\/en\/wp-json\/wp\/v2\/media?parent=1671"}],"curies":[{"name":"wp","href":"https:\/\/api.w.org\/{rel}","templated":true}]}}