{"id":1715,"date":"2024-03-16T20:32:49","date_gmt":"2024-03-16T19:32:49","guid":{"rendered":"https:\/\/ogoulaiquaqua.com\/?page_id=1715"},"modified":"2024-03-23T20:44:07","modified_gmt":"2024-03-23T19:44:07","slug":"revue-de-presse","status":"publish","type":"page","link":"https:\/\/ogoulaiquaqua.com\/en\/revue-de-presse\/","title":{"rendered":"Press review"},"content":{"rendered":"<div data-elementor-type=\"wp-page\" data-elementor-id=\"1715\" class=\"elementor elementor-1715\" data-elementor-post-type=\"page\">\n\t\t\t\t\t\t<section class=\"elementor-section elementor-top-section elementor-element elementor-element-b5a276f elementor-section-height-min-height elementor-section-boxed elementor-section-height-default elementor-section-items-middle\" data-id=\"b5a276f\" data-element_type=\"section\" data-e-type=\"section\" data-settings=\"{&quot;background_background&quot;:&quot;classic&quot;}\">\n\t\t\t\t\t\t<div class=\"elementor-container elementor-column-gap-default\">\n\t\t\t\t\t<div class=\"elementor-column elementor-col-100 elementor-top-column elementor-element elementor-element-4432137\" data-id=\"4432137\" data-element_type=\"column\" data-e-type=\"column\">\n\t\t\t<div class=\"elementor-widget-wrap elementor-element-populated\">\n\t\t\t\t\t\t<div class=\"elementor-element elementor-element-3863199 elementor-widget elementor-widget-theme-post-title elementor-page-title elementor-widget-heading\" data-id=\"3863199\" data-element_type=\"widget\" data-e-type=\"widget\" data-widget_type=\"theme-post-title.default\">\n\t\t\t\t<div class=\"elementor-widget-container\">\n\t\t\t\t\t<h1 class=\"elementor-heading-title elementor-size-default\">Press review<\/h1>\t\t\t\t<\/div>\n\t\t\t\t<\/div>\n\t\t\t\t\t<\/div>\n\t\t<\/div>\n\t\t\t\t\t<\/div>\n\t\t<\/section>\n\t\t<div class=\"elementor-element elementor-element-73b8219 e-con-full e-flex e-con e-parent\" data-id=\"73b8219\" data-element_type=\"container\" data-e-type=\"container\" data-settings=\"{&quot;background_background&quot;:&quot;classic&quot;}\">\n\t\t<div class=\"elementor-element elementor-element-d7d7e7d e-con-full e-flex e-con e-child\" data-id=\"d7d7e7d\" data-element_type=\"container\" data-e-type=\"container\" data-settings=\"{&quot;background_background&quot;:&quot;classic&quot;}\">\n\t\t\t\t<div class=\"elementor-element elementor-element-8103564 elementor-widget elementor-widget-text-editor\" data-id=\"8103564\" data-element_type=\"widget\" data-e-type=\"widget\" data-widget_type=\"text-editor.default\">\n\t\t\t\t<div class=\"elementor-widget-container\">\n\t\t\t\t\t\t\t\t\t<p>press review<\/p>\t\t\t\t\t\t\t\t<\/div>\n\t\t\t\t<\/div>\n\t\t\t\t<div class=\"elementor-element elementor-element-eae43f7 elementor-widget elementor-widget-heading\" data-id=\"eae43f7\" data-element_type=\"widget\" data-e-type=\"widget\" data-widget_type=\"heading.default\">\n\t\t\t\t<div class=\"elementor-widget-container\">\n\t\t\t\t\t<h2 class=\"elementor-heading-title elementor-size-default\">An Illuminating Plunge into Gabon's Colonial History<\/h2>\t\t\t\t<\/div>\n\t\t\t\t<\/div>\n\t\t\t\t<div class=\"elementor-element elementor-element-4470025 elementor-widget elementor-widget-text-editor\" data-id=\"4470025\" data-element_type=\"widget\" data-e-type=\"widget\" data-widget_type=\"text-editor.default\">\n\t\t\t\t<div class=\"elementor-widget-container\">\n\t\t\t\t\t\t\t\t\t<p>This date is highly symbolic, as it corresponds to the anniversary of the \"Act\" signed by Ogoula Iquaqua Beno\u00eet before the French Resident on July 1, 1932.<br \/>1932-2019, eighty-seven years (87) later, we wanted to revive the \"Act of July 1, 1932\" during the vernissage of his book \"Owanga ou l'Appel de l'Aurore\".<\/p>\t\t\t\t\t\t\t\t<\/div>\n\t\t\t\t<\/div>\n\t\t<div class=\"elementor-element elementor-element-ba22ce2 e-flex e-con-boxed e-con e-child\" data-id=\"ba22ce2\" data-element_type=\"container\" data-e-type=\"container\">\n\t\t\t\t\t<div class=\"e-con-inner\">\n\t\t\t\t<div class=\"elementor-element elementor-element-1e03189 elementor-widget elementor-widget-button\" data-id=\"1e03189\" data-element_type=\"widget\" data-e-type=\"widget\" data-widget_type=\"button.default\">\n\t\t\t\t<div class=\"elementor-widget-container\">\n\t\t\t\t\t\t\t\t\t<div class=\"elementor-button-wrapper\">\n\t\t\t\t\t<a class=\"elementor-button elementor-button-link elementor-size-sm\" href=\"http:\/\/ogoulaiquaqua.com\/wp-content\/uploads\/2023\/12\/CGYS1C206223111013210.pdf\">\n\t\t\t\t\t\t<span class=\"elementor-button-content-wrapper\">\n\t\t\t\t\t\t<span class=\"elementor-button-icon\">\n\t\t\t\t<i aria-hidden=\"true\" class=\"fas fa-angle-right\"><\/i>\t\t\t<\/span>\n\t\t\t\t\t\t\t\t\t<span class=\"elementor-button-text\">READ THE ARTICLE<\/span>\n\t\t\t\t\t<\/span>\n\t\t\t\t\t<\/a>\n\t\t\t\t<\/div>\n\t\t\t\t\t\t\t\t<\/div>\n\t\t\t\t<\/div>\n\t\t\t\t\t<\/div>\n\t\t\t\t<\/div>\n\t\t\t\t<\/div>\n\t\t<div class=\"elementor-element elementor-element-f10ffe0 e-flex e-con-boxed e-con e-child\" data-id=\"f10ffe0\" data-element_type=\"container\" data-e-type=\"container\">\n\t\t\t\t\t<div class=\"e-con-inner\">\n\t\t\t\t<div class=\"elementor-element elementor-element-107c87f elementor-widget elementor-widget-image\" data-id=\"107c87f\" data-element_type=\"widget\" data-e-type=\"widget\" data-widget_type=\"image.default\">\n\t\t\t\t<div class=\"elementor-widget-container\">\n\t\t\t\t\t\t\t\t\t\t\t\t\t\t\t<img fetchpriority=\"high\" decoding=\"async\" width=\"1024\" height=\"584\" src=\"https:\/\/ogoulaiquaqua.com\/wp-content\/uploads\/2023\/11\/FJSGF-01-1024x584.jpg\" class=\"attachment-large size-large wp-image-495\" alt=\"\" srcset=\"https:\/\/ogoulaiquaqua.com\/wp-content\/uploads\/2023\/11\/FJSGF-01-1024x584.jpg 1024w, https:\/\/ogoulaiquaqua.com\/wp-content\/uploads\/2023\/11\/FJSGF-01-scaled-600x342.jpg 600w, https:\/\/ogoulaiquaqua.com\/wp-content\/uploads\/2023\/11\/FJSGF-01-300x171.jpg 300w, https:\/\/ogoulaiquaqua.com\/wp-content\/uploads\/2023\/11\/FJSGF-01-768x438.jpg 768w, https:\/\/ogoulaiquaqua.com\/wp-content\/uploads\/2023\/11\/FJSGF-01-1536x876.jpg 1536w, https:\/\/ogoulaiquaqua.com\/wp-content\/uploads\/2023\/11\/FJSGF-01-2048x1168.jpg 2048w\" sizes=\"(max-width: 1024px) 100vw, 1024px\" \/>\t\t\t\t\t\t\t\t\t\t\t\t\t\t\t<\/div>\n\t\t\t\t<\/div>\n\t\t\t\t\t<\/div>\n\t\t\t\t<\/div>\n\t\t\t\t<\/div>\n\t\t<div class=\"elementor-element elementor-element-15d050a e-con-full e-flex e-con e-parent\" data-id=\"15d050a\" data-element_type=\"container\" data-e-type=\"container\" data-settings=\"{&quot;background_background&quot;:&quot;classic&quot;}\">\n\t\t<div class=\"elementor-element elementor-element-74d5f03 e-flex e-con-boxed e-con e-child\" data-id=\"74d5f03\" data-element_type=\"container\" data-e-type=\"container\">\n\t\t\t\t\t<div class=\"e-con-inner\">\n\t\t\t\t<div class=\"elementor-element elementor-element-01f690c elementor-widget elementor-widget-image\" data-id=\"01f690c\" data-element_type=\"widget\" data-e-type=\"widget\" data-widget_type=\"image.default\">\n\t\t\t\t<div class=\"elementor-widget-container\">\n\t\t\t\t\t\t\t\t\t\t\t\t\t\t\t<img decoding=\"async\" width=\"1024\" height=\"657\" src=\"https:\/\/ogoulaiquaqua.com\/wp-content\/uploads\/2023\/11\/FJSGF-02-1024x657.jpg\" class=\"attachment-large size-large wp-image-494\" alt=\"\" srcset=\"https:\/\/ogoulaiquaqua.com\/wp-content\/uploads\/2023\/11\/FJSGF-02-1024x657.jpg 1024w, https:\/\/ogoulaiquaqua.com\/wp-content\/uploads\/2023\/11\/FJSGF-02-scaled-600x385.jpg 600w, https:\/\/ogoulaiquaqua.com\/wp-content\/uploads\/2023\/11\/FJSGF-02-300x192.jpg 300w, https:\/\/ogoulaiquaqua.com\/wp-content\/uploads\/2023\/11\/FJSGF-02-768x493.jpg 768w, https:\/\/ogoulaiquaqua.com\/wp-content\/uploads\/2023\/11\/FJSGF-02-1536x985.jpg 1536w, https:\/\/ogoulaiquaqua.com\/wp-content\/uploads\/2023\/11\/FJSGF-02-2048x1314.jpg 2048w\" sizes=\"(max-width: 1024px) 100vw, 1024px\" \/>\t\t\t\t\t\t\t\t\t\t\t\t\t\t\t<\/div>\n\t\t\t\t<\/div>\n\t\t\t\t\t<\/div>\n\t\t\t\t<\/div>\n\t\t<div class=\"elementor-element elementor-element-526bb64 e-con-full e-flex e-con e-child\" data-id=\"526bb64\" data-element_type=\"container\" data-e-type=\"container\" data-settings=\"{&quot;background_background&quot;:&quot;classic&quot;}\">\n\t\t\t\t<div class=\"elementor-element elementor-element-466f402 elementor-widget elementor-widget-text-editor\" data-id=\"466f402\" data-element_type=\"widget\" data-e-type=\"widget\" data-widget_type=\"text-editor.default\">\n\t\t\t\t<div class=\"elementor-widget-container\">\n\t\t\t\t\t\t\t\t\t<p>press review<\/p>\t\t\t\t\t\t\t\t<\/div>\n\t\t\t\t<\/div>\n\t\t\t\t<div class=\"elementor-element elementor-element-55e6ea8 elementor-widget elementor-widget-heading\" data-id=\"55e6ea8\" data-element_type=\"widget\" data-e-type=\"widget\" data-widget_type=\"heading.default\">\n\t\t\t\t<div class=\"elementor-widget-container\">\n\t\t\t\t\t<h2 class=\"elementor-heading-title elementor-size-default\">Revealing a Forgotten Figure in Gabonese History<\/h2>\t\t\t\t<\/div>\n\t\t\t\t<\/div>\n\t\t\t\t<div class=\"elementor-element elementor-element-f38a79c elementor-widget elementor-widget-text-editor\" data-id=\"f38a79c\" data-element_type=\"widget\" data-e-type=\"widget\" data-widget_type=\"text-editor.default\">\n\t\t\t\t<div class=\"elementor-widget-container\">\n\t\t\t\t\t\t\t\t\t<p>In Port-Gentil, the line-up of speakers from Libreville included a high-profile female presence: Mme Bignoumba (n\u00e9e Ilogu\u00e9 Jacqueline), President of the Union des p\u00e9troliers gabonais.<br \/>In front of an enthusiastic audience, enhanced by the presence of the Oroungou chieftaincy and local notables, the speakers introduced Port-Gentillais to a surprisingly forgotten figure in Gabon's national history. And yet he deserves better.<\/p>\t\t\t\t\t\t\t\t<\/div>\n\t\t\t\t<\/div>\n\t\t<div class=\"elementor-element elementor-element-1085916 e-flex e-con-boxed e-con e-child\" data-id=\"1085916\" data-element_type=\"container\" data-e-type=\"container\">\n\t\t\t\t\t<div class=\"e-con-inner\">\n\t\t\t\t<div class=\"elementor-element elementor-element-6b5c2b1 elementor-widget elementor-widget-button\" data-id=\"6b5c2b1\" data-element_type=\"widget\" data-e-type=\"widget\" data-widget_type=\"button.default\">\n\t\t\t\t<div class=\"elementor-widget-container\">\n\t\t\t\t\t\t\t\t\t<div class=\"elementor-button-wrapper\">\n\t\t\t\t\t<a class=\"elementor-button elementor-button-link elementor-size-sm\" href=\"http:\/\/ogoulaiquaqua.com\/wp-content\/uploads\/2023\/12\/CGYS1C206223111012580.pdf\">\n\t\t\t\t\t\t<span class=\"elementor-button-content-wrapper\">\n\t\t\t\t\t\t<span class=\"elementor-button-icon\">\n\t\t\t\t<i aria-hidden=\"true\" class=\"fas fa-angle-right\"><\/i>\t\t\t<\/span>\n\t\t\t\t\t\t\t\t\t<span class=\"elementor-button-text\">READ THE ARTICLE<\/span>\n\t\t\t\t\t<\/span>\n\t\t\t\t\t<\/a>\n\t\t\t\t<\/div>\n\t\t\t\t\t\t\t\t<\/div>\n\t\t\t\t<\/div>\n\t\t\t\t\t<\/div>\n\t\t\t\t<\/div>\n\t\t\t\t<\/div>\n\t\t\t\t<\/div>\n\t\t<div class=\"elementor-element elementor-element-cdab80a e-con-full e-flex e-con e-parent\" data-id=\"cdab80a\" data-element_type=\"container\" data-e-type=\"container\" data-settings=\"{&quot;background_background&quot;:&quot;classic&quot;}\">\n\t\t<div class=\"elementor-element elementor-element-f85c136 e-con-full e-flex e-con e-child\" data-id=\"f85c136\" data-element_type=\"container\" data-e-type=\"container\">\n\t\t\t\t<div class=\"elementor-element elementor-element-36fb560 elementor-widget elementor-widget-heading\" data-id=\"36fb560\" data-element_type=\"widget\" data-e-type=\"widget\" data-widget_type=\"heading.default\">\n\t\t\t\t<div class=\"elementor-widget-container\">\n\t\t\t\t\t<h2 class=\"elementor-heading-title elementor-size-default\">Recognition from his hometown<\/h2>\t\t\t\t<\/div>\n\t\t\t\t<\/div>\n\t\t\t\t<div class=\"elementor-element elementor-element-7cd2ab6 elementor-widget__width-initial elementor-widget elementor-widget-text-editor\" data-id=\"7cd2ab6\" data-element_type=\"widget\" data-e-type=\"widget\" data-widget_type=\"text-editor.default\">\n\t\t\t\t<div class=\"elementor-widget-container\">\n\t\t\t\t\t\t\t\t\t<p>In posthumous recognition of his commitment and action, Port-Gentil has not forgotten him, and decided on November 29, 2004 to name one of its thoroughfares \u201cRue Beno\u00eet OGOULA IQUAQUA\u201d.<\/p>\t\t\t\t\t\t\t\t<\/div>\n\t\t\t\t<\/div>\n\t\t\t\t<\/div>\n\t\t<div class=\"elementor-element elementor-element-c763411 e-con-full e-flex e-con e-child\" data-id=\"c763411\" data-element_type=\"container\" data-e-type=\"container\" data-settings=\"{&quot;background_background&quot;:&quot;classic&quot;}\">\n\t\t\t\t<\/div>\n\t\t\t\t<\/div>\n\t\t<div class=\"elementor-element elementor-element-be6abb1 e-con-full e-flex e-con e-parent\" data-id=\"be6abb1\" data-element_type=\"container\" data-e-type=\"container\" data-settings=\"{&quot;background_background&quot;:&quot;classic&quot;}\">\n\t\t<div class=\"elementor-element elementor-element-b9bbaae e-flex e-con-boxed e-con e-child\" data-id=\"b9bbaae\" data-element_type=\"container\" data-e-type=\"container\">\n\t\t\t\t\t<div class=\"e-con-inner\">\n\t\t\t\t<div class=\"elementor-element elementor-element-570694a elementor-widget elementor-widget-image\" data-id=\"570694a\" data-element_type=\"widget\" data-e-type=\"widget\" data-widget_type=\"image.default\">\n\t\t\t\t<div class=\"elementor-widget-container\">\n\t\t\t\t\t\t\t\t\t\t\t\t\t\t\t<img decoding=\"async\" width=\"1000\" height=\"667\" src=\"https:\/\/ogoulaiquaqua.com\/wp-content\/uploads\/2024\/03\/Design-sans-titre-28.png\" class=\"attachment-large size-large wp-image-1750\" alt=\"\" srcset=\"https:\/\/ogoulaiquaqua.com\/wp-content\/uploads\/2024\/03\/Design-sans-titre-28.png 1000w, https:\/\/ogoulaiquaqua.com\/wp-content\/uploads\/2024\/03\/Design-sans-titre-28-300x200.png 300w, https:\/\/ogoulaiquaqua.com\/wp-content\/uploads\/2024\/03\/Design-sans-titre-28-768x512.png 768w, https:\/\/ogoulaiquaqua.com\/wp-content\/uploads\/2024\/03\/Design-sans-titre-28-600x400.png 600w\" sizes=\"(max-width: 1000px) 100vw, 1000px\" \/>\t\t\t\t\t\t\t\t\t\t\t\t\t\t\t<\/div>\n\t\t\t\t<\/div>\n\t\t\t\t\t<\/div>\n\t\t\t\t<\/div>\n\t\t<div class=\"elementor-element elementor-element-e9109e0 e-con-full e-flex e-con e-child\" data-id=\"e9109e0\" data-element_type=\"container\" data-e-type=\"container\" data-settings=\"{&quot;background_background&quot;:&quot;classic&quot;}\">\n\t\t\t\t<div class=\"elementor-element elementor-element-ae80302 elementor-widget elementor-widget-text-editor\" data-id=\"ae80302\" data-element_type=\"widget\" data-e-type=\"widget\" data-widget_type=\"text-editor.default\">\n\t\t\t\t<div class=\"elementor-widget-container\">\n\t\t\t\t\t\t\t\t\t<p>press review<\/p>\t\t\t\t\t\t\t\t<\/div>\n\t\t\t\t<\/div>\n\t\t\t\t<div class=\"elementor-element elementor-element-4aaa8a1 elementor-widget elementor-widget-heading\" data-id=\"4aaa8a1\" data-element_type=\"widget\" data-e-type=\"widget\" data-widget_type=\"heading.default\">\n\t\t\t\t<div class=\"elementor-widget-container\">\n\t\t\t\t\t<h2 class=\"elementor-heading-title elementor-size-default\">Tribute to a Pillar of Port-Gentil: The Life and Legacy of Beno\u00eet Ogoula Iquaqua<\/h2>\t\t\t\t<\/div>\n\t\t\t\t<\/div>\n\t\t\t\t<div class=\"elementor-element elementor-element-fda0343 elementor-widget elementor-widget-text-editor\" data-id=\"fda0343\" data-element_type=\"widget\" data-e-type=\"widget\" data-widget_type=\"text-editor.default\">\n\t\t\t\t<div class=\"elementor-widget-container\">\n\t\t\t\t\t\t\t\t\t<p>This article celebrates the life of Beno\u00eet Ogoula Iquaqua, a Port-Gentil notable whose passing has touched the community. From his achievements in administration and politics to his lasting impact, Ogoula leaves a valuable legacy for his hometown. Discover the inspiring story of this man who left his mark on Port-Gentil's history.<\/p>\t\t\t\t\t\t\t\t<\/div>\n\t\t\t\t<\/div>\n\t\t<div class=\"elementor-element elementor-element-bed37c1 e-flex e-con-boxed e-con e-child\" data-id=\"bed37c1\" data-element_type=\"container\" data-e-type=\"container\">\n\t\t\t\t\t<div class=\"e-con-inner\">\n\t\t\t\t<div class=\"elementor-element elementor-element-4a670e1 elementor-widget elementor-widget-button\" data-id=\"4a670e1\" data-element_type=\"widget\" data-e-type=\"widget\" data-widget_type=\"button.default\">\n\t\t\t\t<div class=\"elementor-widget-container\">\n\t\t\t\t\t\t\t\t\t<div class=\"elementor-button-wrapper\">\n\t\t\t\t\t<a class=\"elementor-button elementor-button-link elementor-size-sm\" href=\"http:\/\/ogoulaiquaqua.com\/wp-content\/uploads\/2024\/03\/WhatsApp-Image-2024-03-23-a-16.15.55_55f9da71.pdf\">\n\t\t\t\t\t\t<span class=\"elementor-button-content-wrapper\">\n\t\t\t\t\t\t<span class=\"elementor-button-icon\">\n\t\t\t\t<i aria-hidden=\"true\" class=\"fas fa-angle-right\"><\/i>\t\t\t<\/span>\n\t\t\t\t\t\t\t\t\t<span class=\"elementor-button-text\">READ THE ARTICLE<\/span>\n\t\t\t\t\t<\/span>\n\t\t\t\t\t<\/a>\n\t\t\t\t<\/div>\n\t\t\t\t\t\t\t\t<\/div>\n\t\t\t\t<\/div>\n\t\t\t\t\t<\/div>\n\t\t\t\t<\/div>\n\t\t\t\t<\/div>\n\t\t\t\t<\/div>\n\t\t\t\t<\/div>","protected":false},"excerpt":{"rendered":"<p>revue de presse Une Plong\u00e9e \u00c9clairante dans l&rsquo;Histoire Coloniale Gabonaise Date charg\u00e9e de symbole, car elle correspond \u00e0 la date anniversaire de \u00ab l\u2019Acte \u00bb pos\u00e9 par Ogoula Iquaqua Beno\u00eet devant le R\u00e9sident fran\u00e7ais le 1er juillet 1932.1932-2019, quatre-vingt-sept ans (87) apr\u00e8s, nous avons voulu faire vibrer \u00e0 nouveau \u00ab l\u2019Acte du 1er juillet 1932 [&hellip;]<\/p>\n","protected":false},"author":1,"featured_media":0,"parent":0,"menu_order":0,"comment_status":"closed","ping_status":"closed","template":"elementor_header_footer","meta":{"site-sidebar-layout":"no-sidebar","site-content-layout":"","ast-site-content-layout":"full-width-container","site-content-style":"default","site-sidebar-style":"default","ast-global-header-display":"","ast-banner-title-visibility":"","ast-main-header-display":"","ast-hfb-above-header-display":"","ast-hfb-below-header-display":"","ast-hfb-mobile-header-display":"","site-post-title":"disabled","ast-breadcrumbs-content":"","ast-featured-img":"disabled","footer-sml-layout":"","theme-transparent-header-meta":"default","adv-header-id-meta":"","stick-header-meta":"","header-above-stick-meta":"","header-main-stick-meta":"","header-below-stick-meta":"","astra-migrate-meta-layouts":"set","ast-page-background-enabled":"default","ast-page-background-meta":{"desktop":{"background-color":"var(--ast-global-color-4)","background-image":"","background-repeat":"repeat","background-position":"center center","background-size":"auto","background-attachment":"scroll","background-type":"","background-media":"","overlay-type":"","overlay-color":"","overlay-opacity":"","overlay-gradient":""},"tablet":{"background-color":"","background-image":"","background-repeat":"repeat","background-position":"center center","background-size":"auto","background-attachment":"scroll","background-type":"","background-media":"","overlay-type":"","overlay-color":"","overlay-opacity":"","overlay-gradient":""},"mobile":{"background-color":"","background-image":"","background-repeat":"repeat","background-position":"center center","background-size":"auto","background-attachment":"scroll","background-type":"","background-media":"","overlay-type":"","overlay-color":"","overlay-opacity":"","overlay-gradient":""}},"ast-content-background-meta":{"desktop":{"background-color":"var(--ast-global-color-5)","background-image":"","background-repeat":"repeat","background-position":"center center","background-size":"auto","background-attachment":"scroll","background-type":"","background-media":"","overlay-type":"","overlay-color":"","overlay-opacity":"","overlay-gradient":""},"tablet":{"background-color":"var(--ast-global-color-5)","background-image":"","background-repeat":"repeat","background-position":"center center","background-size":"auto","background-attachment":"scroll","background-type":"","background-media":"","overlay-type":"","overlay-color":"","overlay-opacity":"","overlay-gradient":""},"mobile":{"background-color":"var(--ast-global-color-5)","background-image":"","background-repeat":"repeat","background-position":"center center","background-size":"auto","background-attachment":"scroll","background-type":"","background-media":"","overlay-type":"","overlay-color":"","overlay-opacity":"","overlay-gradient":""}},"footnotes":""},"class_list":["post-1715","page","type-page","status-publish","hentry"],"_links":{"self":[{"href":"https:\/\/ogoulaiquaqua.com\/en\/wp-json\/wp\/v2\/pages\/1715","targetHints":{"allow":["GET"]}}],"collection":[{"href":"https:\/\/ogoulaiquaqua.com\/en\/wp-json\/wp\/v2\/pages"}],"about":[{"href":"https:\/\/ogoulaiquaqua.com\/en\/wp-json\/wp\/v2\/types\/page"}],"author":[{"embeddable":true,"href":"https:\/\/ogoulaiquaqua.com\/en\/wp-json\/wp\/v2\/users\/1"}],"replies":[{"embeddable":true,"href":"https:\/\/ogoulaiquaqua.com\/en\/wp-json\/wp\/v2\/comments?post=1715"}],"version-history":[{"count":10,"href":"https:\/\/ogoulaiquaqua.com\/en\/wp-json\/wp\/v2\/pages\/1715\/revisions"}],"predecessor-version":[{"id":1757,"href":"https:\/\/ogoulaiquaqua.com\/en\/wp-json\/wp\/v2\/pages\/1715\/revisions\/1757"}],"wp:attachment":[{"href":"https:\/\/ogoulaiquaqua.com\/en\/wp-json\/wp\/v2\/media?parent=1715"}],"curies":[{"name":"wp","href":"https:\/\/api.w.org\/{rel}","templated":true}]}}