{"id":1979,"date":"2024-08-31T07:47:01","date_gmt":"2024-08-31T05:47:01","guid":{"rendered":"https:\/\/ogoulaiquaqua.com\/?page_id=1979"},"modified":"2024-08-31T15:16:24","modified_gmt":"2024-08-31T13:16:24","slug":"vient-de-paraitre","status":"publish","type":"page","link":"https:\/\/ogoulaiquaqua.com\/en\/vient-de-paraitre\/","title":{"rendered":"Vient de para\u00eetre"},"content":{"rendered":"<div data-elementor-type=\"wp-page\" data-elementor-id=\"1979\" class=\"elementor elementor-1979\" data-elementor-post-type=\"page\">\n\t\t\t\t\t\t<section class=\"elementor-section elementor-top-section elementor-element elementor-element-25b546d elementor-section-height-min-height elementor-section-boxed elementor-section-height-default elementor-section-items-middle\" data-id=\"25b546d\" data-element_type=\"section\" data-e-type=\"section\" data-settings=\"{&quot;background_background&quot;:&quot;classic&quot;}\">\n\t\t\t\t\t\t<div class=\"elementor-container elementor-column-gap-default\">\n\t\t\t\t\t<div class=\"elementor-column elementor-col-100 elementor-top-column elementor-element elementor-element-6436116\" data-id=\"6436116\" data-element_type=\"column\" data-e-type=\"column\">\n\t\t\t<div class=\"elementor-widget-wrap elementor-element-populated\">\n\t\t\t\t\t\t<div class=\"elementor-element elementor-element-4adefc1 elementor-widget elementor-widget-heading\" data-id=\"4adefc1\" data-element_type=\"widget\" data-e-type=\"widget\" data-widget_type=\"heading.default\">\n\t\t\t\t<div class=\"elementor-widget-container\">\n\t\t\t\t\t<h2 class=\"elementor-heading-title elementor-size-default\">VIENT DE PARA\u00ceTRE<\/h2>\t\t\t\t<\/div>\n\t\t\t\t<\/div>\n\t\t\t\t\t<\/div>\n\t\t<\/div>\n\t\t\t\t\t<\/div>\n\t\t<\/section>\n\t\t<div class=\"elementor-element elementor-element-7019c98 e-flex e-con-boxed e-con e-parent\" data-id=\"7019c98\" data-element_type=\"container\" data-e-type=\"container\">\n\t\t\t\t\t<div class=\"e-con-inner\">\n\t\t\t\t<div class=\"elementor-element elementor-element-4ed6218 elementor-widget elementor-widget-text-editor\" data-id=\"4ed6218\" data-element_type=\"widget\" data-e-type=\"widget\" data-widget_type=\"text-editor.default\">\n\t\t\t\t<div class=\"elementor-widget-container\">\n\t\t\t\t\t\t\t\t\t<p>\u00ab\u00a0Nous avions dessein de scruter les m\u0153urs, l\u2019esprit et ressusciter l\u2019histoire\u00a0\u00bb<\/p><p>\u00ab\u00a0R\u00e9habiliter la v\u00e9rit\u00e9 historique du Gabon et la r\u00e9appropriation de l\u2019identit\u00e9 culturelle du peuple Orungu\u00a0\u00bb<\/p><p>Trois Oeuvres majeures pour d\u00e9couvrir l\u2019\u00c2me de ce Peuple, qui, conduit \u00e0 sa descente par le roi R\u00e9to-Ndongo, arriva \u00e0 la terre promise sous l\u2019inspiration de Bendj\u00e8 Y\u2019Oganga, le Guide.<\/p><p>\u00ab\u00a0R\u00e8ti, Eliwa-Zi Bendj\u00e8\u00a0\u00bb.<\/p><p><strong>\u00ab\u00a0Eliwa-Bendj\u00e8\u00a0\u00bb<\/strong><\/p>\t\t\t\t\t\t\t\t<\/div>\n\t\t\t\t<\/div>\n\t\t<div class=\"elementor-element elementor-element-d137997 e-con-full e-flex e-con e-child\" data-id=\"d137997\" data-element_type=\"container\" data-e-type=\"container\">\n\t\t<div class=\"elementor-element elementor-element-05e1354 e-con-full e-flex e-con e-child\" data-id=\"05e1354\" data-element_type=\"container\" data-e-type=\"container\" data-settings=\"{&quot;background_background&quot;:&quot;classic&quot;}\">\n\t\t\t\t<div class=\"elementor-element elementor-element-7199936 elementor-widget elementor-widget-image\" data-id=\"7199936\" data-element_type=\"widget\" data-e-type=\"widget\" data-widget_type=\"image.default\">\n\t\t\t\t<div class=\"elementor-widget-container\">\n\t\t\t\t\t\t\t\t\t\t\t\t\t\t\t<img decoding=\"async\" width=\"140\" height=\"174\" src=\"https:\/\/ogoulaiquaqua.com\/wp-content\/uploads\/2024\/08\/Ambouroue-Avaro.jpg\" class=\"attachment-large size-large wp-image-1998\" alt=\"\" srcset=\"https:\/\/ogoulaiquaqua.com\/wp-content\/uploads\/2024\/08\/Ambouroue-Avaro.jpg 140w, https:\/\/ogoulaiquaqua.com\/wp-content\/uploads\/2024\/08\/Ambouroue-Avaro-10x12.jpg 10w\" sizes=\"(max-width: 140px) 100vw, 140px\" \/>\t\t\t\t\t\t\t\t\t\t\t\t\t\t\t<\/div>\n\t\t\t\t<\/div>\n\t\t\t\t<div class=\"elementor-element elementor-element-734c2b0 elementor-widget elementor-widget-heading\" data-id=\"734c2b0\" data-element_type=\"widget\" data-e-type=\"widget\" data-widget_type=\"heading.default\">\n\t\t\t\t<div class=\"elementor-widget-container\">\n\t\t\t\t\t<h2 class=\"elementor-heading-title elementor-size-default\">Vient de para\u00eetre<\/h2>\t\t\t\t<\/div>\n\t\t\t\t<\/div>\n\t\t\t\t<div class=\"elementor-element elementor-element-769db8e elementor-widget elementor-widget-heading\" data-id=\"769db8e\" data-element_type=\"widget\" data-e-type=\"widget\" data-widget_type=\"heading.default\">\n\t\t\t\t<div class=\"elementor-widget-container\">\n\t\t\t\t\t<h2 class=\"elementor-heading-title elementor-size-default\"><a href=\"https:\/\/ogoulaiquaqua.com\/en\/un-peuple-gabonais-a-laube-de-la-colonisation\/\">Un peuple gabonais a l'aube de la colonisation<\/a><\/h2>\t\t\t\t<\/div>\n\t\t\t\t<\/div>\n\t\t\t\t<div class=\"elementor-element elementor-element-21181ff elementor-widget elementor-widget-button\" data-id=\"21181ff\" data-element_type=\"widget\" data-e-type=\"widget\" data-widget_type=\"button.default\">\n\t\t\t\t<div class=\"elementor-widget-container\">\n\t\t\t\t\t\t\t\t\t<div class=\"elementor-button-wrapper\">\n\t\t\t\t\t<a class=\"elementor-button elementor-button-link elementor-size-sm\" href=\"https:\/\/ogoulaiquaqua.com\/en\/un-peuple-gabonais-a-laube-de-la-colonisation\/\">\n\t\t\t\t\t\t<span class=\"elementor-button-content-wrapper\">\n\t\t\t\t\t\t<span class=\"elementor-button-icon\">\n\t\t\t\t<i aria-hidden=\"true\" class=\"fas fa-arrow-right\"><\/i>\t\t\t<\/span>\n\t\t\t\t\t\t\t\t\t<span class=\"elementor-button-text\">READ<\/span>\n\t\t\t\t\t<\/span>\n\t\t\t\t\t<\/a>\n\t\t\t\t<\/div>\n\t\t\t\t\t\t\t\t<\/div>\n\t\t\t\t<\/div>\n\t\t\t\t<\/div>\n\t\t<div class=\"elementor-element elementor-element-9e90efd e-con-full e-flex e-con e-child\" data-id=\"9e90efd\" data-element_type=\"container\" data-e-type=\"container\" data-settings=\"{&quot;background_background&quot;:&quot;classic&quot;}\">\n\t\t\t\t<div class=\"elementor-element elementor-element-b5ff5d4 elementor-widget elementor-widget-image\" data-id=\"b5ff5d4\" data-element_type=\"widget\" data-e-type=\"widget\" data-widget_type=\"image.default\">\n\t\t\t\t<div class=\"elementor-widget-container\">\n\t\t\t\t\t\t\t\t\t\t\t\t\t\t\t<img fetchpriority=\"high\" decoding=\"async\" width=\"771\" height=\"1024\" src=\"https:\/\/ogoulaiquaqua.com\/wp-content\/uploads\/2024\/08\/unnamed-1-771x1024.jpg\" class=\"attachment-large size-large wp-image-2009\" alt=\"\" srcset=\"https:\/\/ogoulaiquaqua.com\/wp-content\/uploads\/2024\/08\/unnamed-1-771x1024.jpg 771w, https:\/\/ogoulaiquaqua.com\/wp-content\/uploads\/2024\/08\/unnamed-1-226x300.jpg 226w, https:\/\/ogoulaiquaqua.com\/wp-content\/uploads\/2024\/08\/unnamed-1-768x1020.jpg 768w, https:\/\/ogoulaiquaqua.com\/wp-content\/uploads\/2024\/08\/unnamed-1-1157x1536.jpg 1157w, https:\/\/ogoulaiquaqua.com\/wp-content\/uploads\/2024\/08\/unnamed-1-1542x2048.jpg 1542w, https:\/\/ogoulaiquaqua.com\/wp-content\/uploads\/2024\/08\/unnamed-1-9x12.jpg 9w, https:\/\/ogoulaiquaqua.com\/wp-content\/uploads\/2024\/08\/unnamed-1-600x797.jpg 600w, https:\/\/ogoulaiquaqua.com\/wp-content\/uploads\/2024\/08\/unnamed-1-scaled.jpg 1928w\" sizes=\"(max-width: 771px) 100vw, 771px\" \/>\t\t\t\t\t\t\t\t\t\t\t\t\t\t\t<\/div>\n\t\t\t\t<\/div>\n\t\t\t\t<div class=\"elementor-element elementor-element-743a774 elementor-widget elementor-widget-heading\" data-id=\"743a774\" data-element_type=\"widget\" data-e-type=\"widget\" data-widget_type=\"heading.default\">\n\t\t\t\t<div class=\"elementor-widget-container\">\n\t\t\t\t\t<h2 class=\"elementor-heading-title elementor-size-default\">Vient de para\u00eetre<\/h2>\t\t\t\t<\/div>\n\t\t\t\t<\/div>\n\t\t\t\t<div class=\"elementor-element elementor-element-450495d elementor-widget elementor-widget-heading\" data-id=\"450495d\" data-element_type=\"widget\" data-e-type=\"widget\" data-widget_type=\"heading.default\">\n\t\t\t\t<div class=\"elementor-widget-container\">\n\t\t\t\t\t<h2 class=\"elementor-heading-title elementor-size-default\"><a href=\"https:\/\/ogoulaiquaqua.com\/en\/oeuvres-litteraire-complete-par-marc-louis-ropivia\/\">\u0152uvres litt\u00e9raire compl\u00e8te par Marc-Louis Ropivia<\/a><\/h2>\t\t\t\t<\/div>\n\t\t\t\t<\/div>\n\t\t\t\t<div class=\"elementor-element elementor-element-c59690c elementor-widget elementor-widget-button\" data-id=\"c59690c\" data-element_type=\"widget\" data-e-type=\"widget\" data-widget_type=\"button.default\">\n\t\t\t\t<div class=\"elementor-widget-container\">\n\t\t\t\t\t\t\t\t\t<div class=\"elementor-button-wrapper\">\n\t\t\t\t\t<a class=\"elementor-button elementor-button-link elementor-size-sm\" href=\"https:\/\/ogoulaiquaqua.com\/en\/oeuvres-litteraire-complete-par-marc-louis-ropivia\/\">\n\t\t\t\t\t\t<span class=\"elementor-button-content-wrapper\">\n\t\t\t\t\t\t<span class=\"elementor-button-icon\">\n\t\t\t\t<i aria-hidden=\"true\" class=\"fas fa-arrow-right\"><\/i>\t\t\t<\/span>\n\t\t\t\t\t\t\t\t\t<span class=\"elementor-button-text\">READ<\/span>\n\t\t\t\t\t<\/span>\n\t\t\t\t\t<\/a>\n\t\t\t\t<\/div>\n\t\t\t\t\t\t\t\t<\/div>\n\t\t\t\t<\/div>\n\t\t\t\t<\/div>\n\t\t<div class=\"elementor-element elementor-element-b776315 e-flex e-con-boxed e-con e-child\" data-id=\"b776315\" data-element_type=\"container\" data-e-type=\"container\">\n\t\t\t\t\t<div class=\"e-con-inner\">\n\t\t\t\t\t<\/div>\n\t\t\t\t<\/div>\n\t\t\t\t<\/div>\n\t\t\t\t\t<\/div>\n\t\t\t\t<\/div>\n\t\t\t\t<\/div>","protected":false},"excerpt":{"rendered":"<p>VIENT DE PARA\u00ceTRE \u00ab\u00a0Nous avions dessein de scruter les m\u0153urs, l\u2019esprit et ressusciter l\u2019histoire\u00a0\u00bb \u00ab\u00a0R\u00e9habiliter la v\u00e9rit\u00e9 historique du Gabon et la r\u00e9appropriation de l\u2019identit\u00e9 culturelle du peuple Orungu\u00a0\u00bb Trois Oeuvres majeures pour d\u00e9couvrir l\u2019\u00c2me de ce Peuple, qui, conduit \u00e0 sa descente par le roi R\u00e9to-Ndongo, arriva \u00e0 la terre promise sous l\u2019inspiration de [&hellip;]<\/p>\n","protected":false},"author":1,"featured_media":0,"parent":0,"menu_order":0,"comment_status":"closed","ping_status":"closed","template":"","meta":{"site-sidebar-layout":"no-sidebar","site-content-layout":"","ast-site-content-layout":"full-width-container","site-content-style":"default","site-sidebar-style":"default","ast-global-header-display":"","ast-banner-title-visibility":"","ast-main-header-display":"","ast-hfb-above-header-display":"","ast-hfb-below-header-display":"","ast-hfb-mobile-header-display":"","site-post-title":"disabled","ast-breadcrumbs-content":"","ast-featured-img":"disabled","footer-sml-layout":"","theme-transparent-header-meta":"default","adv-header-id-meta":"","stick-header-meta":"","header-above-stick-meta":"","header-main-stick-meta":"","header-below-stick-meta":"","astra-migrate-meta-layouts":"set","ast-page-background-enabled":"default","ast-page-background-meta":{"desktop":{"background-color":"var(--ast-global-color-4)","background-image":"","background-repeat":"repeat","background-position":"center center","background-size":"auto","background-attachment":"scroll","background-type":"","background-media":"","overlay-type":"","overlay-color":"","overlay-opacity":"","overlay-gradient":""},"tablet":{"background-color":"","background-image":"","background-repeat":"repeat","background-position":"center center","background-size":"auto","background-attachment":"scroll","background-type":"","background-media":"","overlay-type":"","overlay-color":"","overlay-opacity":"","overlay-gradient":""},"mobile":{"background-color":"","background-image":"","background-repeat":"repeat","background-position":"center center","background-size":"auto","background-attachment":"scroll","background-type":"","background-media":"","overlay-type":"","overlay-color":"","overlay-opacity":"","overlay-gradient":""}},"ast-content-background-meta":{"desktop":{"background-color":"var(--ast-global-color-5)","background-image":"","background-repeat":"repeat","background-position":"center center","background-size":"auto","background-attachment":"scroll","background-type":"","background-media":"","overlay-type":"","overlay-color":"","overlay-opacity":"","overlay-gradient":""},"tablet":{"background-color":"var(--ast-global-color-5)","background-image":"","background-repeat":"repeat","background-position":"center center","background-size":"auto","background-attachment":"scroll","background-type":"","background-media":"","overlay-type":"","overlay-color":"","overlay-opacity":"","overlay-gradient":""},"mobile":{"background-color":"var(--ast-global-color-5)","background-image":"","background-repeat":"repeat","background-position":"center center","background-size":"auto","background-attachment":"scroll","background-type":"","background-media":"","overlay-type":"","overlay-color":"","overlay-opacity":"","overlay-gradient":""}},"footnotes":""},"class_list":["post-1979","page","type-page","status-publish","hentry"],"_links":{"self":[{"href":"https:\/\/ogoulaiquaqua.com\/en\/wp-json\/wp\/v2\/pages\/1979","targetHints":{"allow":["GET"]}}],"collection":[{"href":"https:\/\/ogoulaiquaqua.com\/en\/wp-json\/wp\/v2\/pages"}],"about":[{"href":"https:\/\/ogoulaiquaqua.com\/en\/wp-json\/wp\/v2\/types\/page"}],"author":[{"embeddable":true,"href":"https:\/\/ogoulaiquaqua.com\/en\/wp-json\/wp\/v2\/users\/1"}],"replies":[{"embeddable":true,"href":"https:\/\/ogoulaiquaqua.com\/en\/wp-json\/wp\/v2\/comments?post=1979"}],"version-history":[{"count":16,"href":"https:\/\/ogoulaiquaqua.com\/en\/wp-json\/wp\/v2\/pages\/1979\/revisions"}],"predecessor-version":[{"id":2019,"href":"https:\/\/ogoulaiquaqua.com\/en\/wp-json\/wp\/v2\/pages\/1979\/revisions\/2019"}],"wp:attachment":[{"href":"https:\/\/ogoulaiquaqua.com\/en\/wp-json\/wp\/v2\/media?parent=1979"}],"curies":[{"name":"wp","href":"https:\/\/api.w.org\/{rel}","templated":true}]}}