{"id":1994,"date":"2024-08-31T14:27:21","date_gmt":"2024-08-31T12:27:21","guid":{"rendered":"https:\/\/ogoulaiquaqua.com\/?page_id=1994"},"modified":"2024-08-31T14:58:04","modified_gmt":"2024-08-31T12:58:04","slug":"un-peuple-gabonais-a-laube-de-la-colonisation","status":"publish","type":"page","link":"https:\/\/ogoulaiquaqua.com\/en\/un-peuple-gabonais-a-laube-de-la-colonisation\/","title":{"rendered":"Un peuple gabonais \u00e0 l&rsquo;aube de la colonisation"},"content":{"rendered":"\t\t<div data-elementor-type=\"wp-page\" data-elementor-id=\"1994\" class=\"elementor elementor-1994\" data-elementor-post-type=\"page\">\n\t\t\t\t\t\t<section class=\"elementor-section elementor-top-section elementor-element elementor-element-025205d elementor-section-height-min-height elementor-section-boxed elementor-section-height-default elementor-section-items-middle\" data-id=\"025205d\" data-element_type=\"section\" data-e-type=\"section\" data-settings=\"{&quot;background_background&quot;:&quot;classic&quot;}\">\n\t\t\t\t\t\t<div class=\"elementor-container elementor-column-gap-default\">\n\t\t\t\t\t<div class=\"elementor-column elementor-col-100 elementor-top-column elementor-element elementor-element-5179657\" data-id=\"5179657\" data-element_type=\"column\" data-e-type=\"column\">\n\t\t\t<div class=\"elementor-widget-wrap elementor-element-populated\">\n\t\t\t\t\t\t<div class=\"elementor-element elementor-element-7d1f445 elementor-widget elementor-widget-theme-post-title elementor-page-title elementor-widget-heading\" data-id=\"7d1f445\" data-element_type=\"widget\" data-e-type=\"widget\" data-widget_type=\"theme-post-title.default\">\n\t\t\t\t<div class=\"elementor-widget-container\">\n\t\t\t\t\t<h1 class=\"elementor-heading-title elementor-size-default\">Un peuple gabonais \u00e0 l&rsquo;aube de la colonisation<\/h1>\t\t\t\t<\/div>\n\t\t\t\t<\/div>\n\t\t\t\t\t<\/div>\n\t\t<\/div>\n\t\t\t\t\t<\/div>\n\t\t<\/section>\n\t\t<div class=\"elementor-element elementor-element-1474dea e-flex e-con-boxed e-con e-parent\" data-id=\"1474dea\" data-element_type=\"container\" data-e-type=\"container\">\n\t\t\t\t\t<div class=\"e-con-inner\">\n\t\t<div class=\"elementor-element elementor-element-e6d8599 e-con-full e-flex e-con e-child\" data-id=\"e6d8599\" data-element_type=\"container\" data-e-type=\"container\">\n\t\t<div class=\"elementor-element elementor-element-3c442a9 e-con-full e-flex e-con e-child\" data-id=\"3c442a9\" data-element_type=\"container\" data-e-type=\"container\">\n\t\t\t\t<div class=\"elementor-element elementor-element-76e8b8b elementor-widget__width-initial elementor-widget elementor-widget-image\" data-id=\"76e8b8b\" data-element_type=\"widget\" data-e-type=\"widget\" data-widget_type=\"image.default\">\n\t\t\t\t<div class=\"elementor-widget-container\">\n\t\t\t\t\t\t\t\t\t\t\t\t\t\t\t<img fetchpriority=\"high\" decoding=\"async\" width=\"771\" height=\"1024\" src=\"https:\/\/ogoulaiquaqua.com\/wp-content\/uploads\/2024\/08\/un-peuple-gabonais--771x1024.jpg\" class=\"attachment-large size-large wp-image-2000\" alt=\"\" srcset=\"https:\/\/ogoulaiquaqua.com\/wp-content\/uploads\/2024\/08\/un-peuple-gabonais--771x1024.jpg 771w, https:\/\/ogoulaiquaqua.com\/wp-content\/uploads\/2024\/08\/un-peuple-gabonais--226x300.jpg 226w, https:\/\/ogoulaiquaqua.com\/wp-content\/uploads\/2024\/08\/un-peuple-gabonais--768x1020.jpg 768w, https:\/\/ogoulaiquaqua.com\/wp-content\/uploads\/2024\/08\/un-peuple-gabonais--1157x1536.jpg 1157w, https:\/\/ogoulaiquaqua.com\/wp-content\/uploads\/2024\/08\/un-peuple-gabonais--9x12.jpg 9w, https:\/\/ogoulaiquaqua.com\/wp-content\/uploads\/2024\/08\/un-peuple-gabonais--600x797.jpg 600w, https:\/\/ogoulaiquaqua.com\/wp-content\/uploads\/2024\/08\/un-peuple-gabonais-.jpg 1536w\" sizes=\"(max-width: 771px) 100vw, 771px\" \/>\t\t\t\t\t\t\t\t\t\t\t\t\t\t\t<\/div>\n\t\t\t\t<\/div>\n\t\t\t\t<div class=\"elementor-element elementor-element-d2f097d elementor-widget__width-initial elementor-widget elementor-widget-image\" data-id=\"d2f097d\" data-element_type=\"widget\" data-e-type=\"widget\" data-widget_type=\"image.default\">\n\t\t\t\t<div class=\"elementor-widget-container\">\n\t\t\t\t\t\t\t\t\t\t\t\t\t\t\t<img decoding=\"async\" width=\"771\" height=\"1024\" src=\"https:\/\/ogoulaiquaqua.com\/wp-content\/uploads\/2024\/08\/un-peuple-gabonais-4-771x1024.jpg\" class=\"attachment-large size-large wp-image-1999\" alt=\"\" srcset=\"https:\/\/ogoulaiquaqua.com\/wp-content\/uploads\/2024\/08\/un-peuple-gabonais-4-771x1024.jpg 771w, https:\/\/ogoulaiquaqua.com\/wp-content\/uploads\/2024\/08\/un-peuple-gabonais-4-226x300.jpg 226w, https:\/\/ogoulaiquaqua.com\/wp-content\/uploads\/2024\/08\/un-peuple-gabonais-4-768x1021.jpg 768w, https:\/\/ogoulaiquaqua.com\/wp-content\/uploads\/2024\/08\/un-peuple-gabonais-4-1156x1536.jpg 1156w, https:\/\/ogoulaiquaqua.com\/wp-content\/uploads\/2024\/08\/un-peuple-gabonais-4-9x12.jpg 9w, https:\/\/ogoulaiquaqua.com\/wp-content\/uploads\/2024\/08\/un-peuple-gabonais-4-600x797.jpg 600w, https:\/\/ogoulaiquaqua.com\/wp-content\/uploads\/2024\/08\/un-peuple-gabonais-4.jpg 1536w\" sizes=\"(max-width: 771px) 100vw, 771px\" \/>\t\t\t\t\t\t\t\t\t\t\t\t\t\t\t<\/div>\n\t\t\t\t<\/div>\n\t\t\t\t<\/div>\n\t\t\t\t<div class=\"elementor-element elementor-element-fca50bd elementor-widget elementor-widget-heading\" data-id=\"fca50bd\" data-element_type=\"widget\" data-e-type=\"widget\" data-widget_type=\"heading.default\">\n\t\t\t\t<div class=\"elementor-widget-container\">\n\t\t\t\t\t<h2 class=\"elementor-heading-title elementor-size-default\">Son \u0152uvre<\/h2>\t\t\t\t<\/div>\n\t\t\t\t<\/div>\n\t\t\t\t<div class=\"elementor-element elementor-element-9006337 elementor-widget elementor-widget-text-editor\" data-id=\"9006337\" data-element_type=\"widget\" data-e-type=\"widget\" data-widget_type=\"text-editor.default\">\n\t\t\t\t<div class=\"elementor-widget-container\">\n\t\t\t\t\t\t\t\t\t<p>C\u2019est dans le cadre de ces recherches qu\u2019entre l\u2019\u0153uvre qu\u2019il nous a laiss\u00e9e : sa th\u00e8se de Doctorat de 3\u00e8me Cycle :\u00a0<i>Un Peuple Gabonais \u00e0 l\u2019Aube de la Colonisation : le Bas-Ogow\u00e8 au XIXe si\u00e8cle<\/i>, publi\u00e9e en 1981 avec le concours du Fonds International pour la promotion de la Culture (UNESCO), chez Karthala. Il s\u2019agit, comme dit pr\u00e9c\u00e9demment, d\u2019une th\u00e8se dont Joseph Ambourou\u00e8-Avaro reconnaissait lui-m\u00eame le caract\u00e8re \u00e9minemment provisoire et qu\u2019il avait l\u2019intention de reprendre en vue d\u2019une publication. Sa mort en a dispos\u00e9 autrement. Il reste que cette th\u00e8se qui porte principalement sur les Orungu est une grande contribution \u00e0 la connaissance du Bas Ogow\u00e8 au XIX\u00e8me si\u00e8cle. Comme devait le noter l\u2019un de ceux qui ont parrain\u00e9 cette publication posthume : \u00ab L\u2019effort d\u2019Avaro a port\u00e9 principalement sur l\u2019\u00e9tude minutieuse et \u00e9rudite d\u2019une r\u00e9gion du Gabon : le Bas Ogow\u00e8 et plus pr\u00e9cis\u00e9ment le royaume Orungu. Il s\u2019est particuli\u00e8rement attach\u00e9 \u00e0 situer la crise culturelle qui a accompagn\u00e9 la colonisation et la difficult\u00e9 des Gabonais \u00e0 reconstruire leur personnalit\u00e9. Avaro a op\u00e9r\u00e9 une v\u00e9ritable perc\u00e9e qui a permis de mieux appr\u00e9hender la vision interne des soci\u00e9t\u00e9s africaines et la logique de leur \u00e9volution. Il a notamment montr\u00e9 comment la logique organique d\u2019une civilisation originale, qui avait lentement construit sa culture, en \u00e9quilibre avec le milieu naturel, s\u2019est trouv\u00e9e \u00e9vinc\u00e9e par l\u2019irruption des valeurs d\u2019\u00e9change\u2026 \u00bb. Cette \u0153uvre contient deux id\u00e9es-forces et un message.<\/p><p><b>Id\u00e9es-forces :<\/b><\/p><p><b>a)- Avant la colonisation<\/b><\/p><p>On est en pr\u00e9sence :<br clear=\"none\" \/>\u2022 d\u2019une \u00e9conomie fond\u00e9e sur l\u2019agriculture itin\u00e9rante sur br\u00fblis, sur la chasse et la p\u00e8che<br clear=\"none\" \/>\u2022 d\u2019une organisation sociale reposant sur les structures parentales<br clear=\"none\" \/>\u2022 d\u2019une conception de l\u2019homme comme \u00ab force et \u00e9nergie \u00bb<br clear=\"none\" \/>\u2022 de rapports sociaux fond\u00e9s sur la solidarit\u00e9 et mettant l\u2019accent sur ce que l\u2019on est plut\u00f4t que sur ce que l\u2019on a.<\/p><p><b>b)- Apr\u00e8s la colonisation<\/b><\/p><p>On assiste \u00e0 :<br clear=\"none\" \/>\u2022 l\u2019irruption de l\u2019\u00e9conomie marchande et de l\u2019\u00e9change mon\u00e9taire<br clear=\"none\" \/>\u2022 l\u2019importance accord\u00e9e \u00e0 l\u2019argent qui fait que tout devient marchandise<br clear=\"none\" \/>\u2022 l\u2019av\u00e8nement d\u2019une soci\u00e9t\u00e9 dont les rapports sociaux deviennent in\u00e9galitaires, o\u00f9 l\u2019\u00e9go\u00efsme se substitue \u00e0 la solidarit\u00e9 et o\u00f9 la valeur de l\u2019homme repose d\u00e9sormais sur ce qu\u2019il a et non plus sur ce qu\u2019il est comme auparavant.<\/p><p>\u00a0<\/p>\t\t\t\t\t\t\t\t<\/div>\n\t\t\t\t<\/div>\n\t\t\t\t<\/div>\n\t\t<div class=\"elementor-element elementor-element-e18ae57 e-con-full elementor-hidden-mobile e-flex e-con e-child\" data-id=\"e18ae57\" data-element_type=\"container\" data-e-type=\"container\" data-settings=\"{&quot;sticky&quot;:&quot;top&quot;,&quot;sticky_offset&quot;:50,&quot;sticky_effects_offset&quot;:200,&quot;sticky_parent&quot;:&quot;yes&quot;,&quot;sticky_on&quot;:[&quot;desktop&quot;,&quot;tablet&quot;,&quot;mobile&quot;],&quot;sticky_anchor_link_offset&quot;:0}\">\n\t\t\t\t<div class=\"elementor-element elementor-element-7b35600 elementor-widget elementor-widget-image\" data-id=\"7b35600\" data-element_type=\"widget\" data-e-type=\"widget\" data-widget_type=\"image.default\">\n\t\t\t\t<div class=\"elementor-widget-container\">\n\t\t\t\t\t\t\t\t\t\t\t\t\t\t\t<img decoding=\"async\" width=\"140\" height=\"174\" src=\"https:\/\/ogoulaiquaqua.com\/wp-content\/uploads\/2024\/08\/Ambouroue-Avaro.jpg\" class=\"attachment-large size-large wp-image-1998\" alt=\"\" srcset=\"https:\/\/ogoulaiquaqua.com\/wp-content\/uploads\/2024\/08\/Ambouroue-Avaro.jpg 140w, https:\/\/ogoulaiquaqua.com\/wp-content\/uploads\/2024\/08\/Ambouroue-Avaro-10x12.jpg 10w\" sizes=\"(max-width: 140px) 100vw, 140px\" \/>\t\t\t\t\t\t\t\t\t\t\t\t\t\t\t<\/div>\n\t\t\t\t<\/div>\n\t\t\t\t<div class=\"elementor-element elementor-element-601e53f elementor-widget elementor-widget-heading\" data-id=\"601e53f\" data-element_type=\"widget\" data-e-type=\"widget\" data-widget_type=\"heading.default\">\n\t\t\t\t<div class=\"elementor-widget-container\">\n\t\t\t\t\t<h2 class=\"elementor-heading-title elementor-size-default\">Auteur : Ambourou\u00e8-Avaro<\/h2>\t\t\t\t<\/div>\n\t\t\t\t<\/div>\n\t\t\t\t<div class=\"elementor-element elementor-element-3643dd9 elementor-widget elementor-widget-text-editor\" data-id=\"3643dd9\" data-element_type=\"widget\" data-e-type=\"widget\" data-widget_type=\"text-editor.default\">\n\t\t\t\t<div class=\"elementor-widget-container\">\n\t\t\t\t\t\t\t\t\t<p><strong>Son message : <\/strong>Sans \u00eatre clairement formul\u00e9, il souligne la n\u00e9cessit\u00e9 de revenir, m\u00eame dans un cadre qui a fondamentalement chang\u00e9, aux valeurs de solidarit\u00e9 et d\u2019entraide, sans pour autant tomber dans l\u2019assistanat, et de juger les gens \u00e0 partir de ce qu\u2019ils sont et font et non \u00e0 partir de ce qu\u2019ils ont. Un message d\u2019autant plus important qu\u2019avec les temps qui courent c\u2019est le r\u00e8gne du chacun pour soi\u2026<\/p>\t\t\t\t\t\t\t\t<\/div>\n\t\t\t\t<\/div>\n\t\t\t\t<\/div>\n\t\t\t\t\t<\/div>\n\t\t\t\t<\/div>\n\t\t\t\t<\/div>\n\t\t","protected":false},"excerpt":{"rendered":"<p>Son \u0152uvre C\u2019est dans le cadre de ces recherches qu\u2019entre l\u2019\u0153uvre qu\u2019il nous a laiss\u00e9e : sa th\u00e8se de Doctorat de 3\u00e8me Cycle :\u00a0Un Peuple Gabonais \u00e0 l\u2019Aube de la Colonisation : le Bas-Ogow\u00e8 au XIXe si\u00e8cle, publi\u00e9e en 1981 avec le concours du Fonds International pour la promotion de la Culture (UNESCO), chez Karthala. [&hellip;]<\/p>\n","protected":false},"author":1,"featured_media":0,"parent":0,"menu_order":0,"comment_status":"closed","ping_status":"closed","template":"","meta":{"site-sidebar-layout":"no-sidebar","site-content-layout":"","ast-site-content-layout":"full-width-container","site-content-style":"default","site-sidebar-style":"default","ast-global-header-display":"","ast-banner-title-visibility":"","ast-main-header-display":"","ast-hfb-above-header-display":"","ast-hfb-below-header-display":"","ast-hfb-mobile-header-display":"","site-post-title":"disabled","ast-breadcrumbs-content":"","ast-featured-img":"disabled","footer-sml-layout":"","theme-transparent-header-meta":"default","adv-header-id-meta":"","stick-header-meta":"","header-above-stick-meta":"","header-main-stick-meta":"","header-below-stick-meta":"","astra-migrate-meta-layouts":"set","ast-page-background-enabled":"default","ast-page-background-meta":{"desktop":{"background-color":"var(--ast-global-color-4)","background-image":"","background-repeat":"repeat","background-position":"center center","background-size":"auto","background-attachment":"scroll","background-type":"","background-media":"","overlay-type":"","overlay-color":"","overlay-opacity":"","overlay-gradient":""},"tablet":{"background-color":"","background-image":"","background-repeat":"repeat","background-position":"center center","background-size":"auto","background-attachment":"scroll","background-type":"","background-media":"","overlay-type":"","overlay-color":"","overlay-opacity":"","overlay-gradient":""},"mobile":{"background-color":"","background-image":"","background-repeat":"repeat","background-position":"center center","background-size":"auto","background-attachment":"scroll","background-type":"","background-media":"","overlay-type":"","overlay-color":"","overlay-opacity":"","overlay-gradient":""}},"ast-content-background-meta":{"desktop":{"background-color":"var(--ast-global-color-5)","background-image":"","background-repeat":"repeat","background-position":"center center","background-size":"auto","background-attachment":"scroll","background-type":"","background-media":"","overlay-type":"","overlay-color":"","overlay-opacity":"","overlay-gradient":""},"tablet":{"background-color":"var(--ast-global-color-5)","background-image":"","background-repeat":"repeat","background-position":"center center","background-size":"auto","background-attachment":"scroll","background-type":"","background-media":"","overlay-type":"","overlay-color":"","overlay-opacity":"","overlay-gradient":""},"mobile":{"background-color":"var(--ast-global-color-5)","background-image":"","background-repeat":"repeat","background-position":"center center","background-size":"auto","background-attachment":"scroll","background-type":"","background-media":"","overlay-type":"","overlay-color":"","overlay-opacity":"","overlay-gradient":""}},"footnotes":""},"class_list":["post-1994","page","type-page","status-publish","hentry"],"_links":{"self":[{"href":"https:\/\/ogoulaiquaqua.com\/en\/wp-json\/wp\/v2\/pages\/1994","targetHints":{"allow":["GET"]}}],"collection":[{"href":"https:\/\/ogoulaiquaqua.com\/en\/wp-json\/wp\/v2\/pages"}],"about":[{"href":"https:\/\/ogoulaiquaqua.com\/en\/wp-json\/wp\/v2\/types\/page"}],"author":[{"embeddable":true,"href":"https:\/\/ogoulaiquaqua.com\/en\/wp-json\/wp\/v2\/users\/1"}],"replies":[{"embeddable":true,"href":"https:\/\/ogoulaiquaqua.com\/en\/wp-json\/wp\/v2\/comments?post=1994"}],"version-history":[{"count":7,"href":"https:\/\/ogoulaiquaqua.com\/en\/wp-json\/wp\/v2\/pages\/1994\/revisions"}],"predecessor-version":[{"id":2006,"href":"https:\/\/ogoulaiquaqua.com\/en\/wp-json\/wp\/v2\/pages\/1994\/revisions\/2006"}],"wp:attachment":[{"href":"https:\/\/ogoulaiquaqua.com\/en\/wp-json\/wp\/v2\/media?parent=1994"}],"curies":[{"name":"wp","href":"https:\/\/api.w.org\/{rel}","templated":true}]}}