{"id":704,"date":"2023-12-03T20:37:34","date_gmt":"2023-12-03T19:37:34","guid":{"rendered":"https:\/\/ogoulaiquaqua.com\/?page_id=704"},"modified":"2024-03-03T15:17:59","modified_gmt":"2024-03-03T14:17:59","slug":"lacte-du-1er-juillet","status":"publish","type":"page","link":"https:\/\/ogoulaiquaqua.com\/en\/lacte-du-1er-juillet\/","title":{"rendered":"The act of July 1st"},"content":{"rendered":"\t\t<div data-elementor-type=\"wp-page\" data-elementor-id=\"704\" class=\"elementor elementor-704\" data-elementor-post-type=\"page\">\n\t\t\t\t\t\t<section class=\"elementor-section elementor-top-section elementor-element elementor-element-8bda9b6 elementor-section-height-min-height elementor-section-boxed elementor-section-height-default elementor-section-items-middle\" data-id=\"8bda9b6\" data-element_type=\"section\" data-e-type=\"section\" data-settings=\"{&quot;background_background&quot;:&quot;classic&quot;}\">\n\t\t\t\t\t\t<div class=\"elementor-container elementor-column-gap-default\">\n\t\t\t\t\t<div class=\"elementor-column elementor-col-100 elementor-top-column elementor-element elementor-element-1c031ee\" data-id=\"1c031ee\" data-element_type=\"column\" data-e-type=\"column\">\n\t\t\t<div class=\"elementor-widget-wrap elementor-element-populated\">\n\t\t\t\t\t\t<div class=\"elementor-element elementor-element-62a6c3e elementor-widget elementor-widget-theme-post-title elementor-page-title elementor-widget-heading\" data-id=\"62a6c3e\" data-element_type=\"widget\" data-e-type=\"widget\" data-widget_type=\"theme-post-title.default\">\n\t\t\t\t<div class=\"elementor-widget-container\">\n\t\t\t\t\t<h1 class=\"elementor-heading-title elementor-size-default\">L&rsquo;acte du 1er Juillet<\/h1>\t\t\t\t<\/div>\n\t\t\t\t<\/div>\n\t\t\t\t\t<\/div>\n\t\t<\/div>\n\t\t\t\t\t<\/div>\n\t\t<\/section>\n\t\t<div class=\"elementor-element elementor-element-ec237b3 elementor-hidden-mobile e-flex e-con-boxed e-con e-parent\" data-id=\"ec237b3\" data-element_type=\"container\" data-e-type=\"container\">\n\t\t\t\t\t<div class=\"e-con-inner\">\n\t\t<div class=\"elementor-element elementor-element-8d309aa e-flex e-con-boxed e-con e-child\" data-id=\"8d309aa\" data-element_type=\"container\" data-e-type=\"container\">\n\t\t\t\t\t<div class=\"e-con-inner\">\n\t\t\t\t<div class=\"elementor-element elementor-element-f64e143 elementor-widget elementor-widget-text-editor\" data-id=\"f64e143\" data-element_type=\"widget\" data-e-type=\"widget\" data-widget_type=\"text-editor.default\">\n\t\t\t\t<div class=\"elementor-widget-container\">\n\t\t\t\t\t\t\t\t\t<p>\u00ab\u00a0Nous \u00e9clairons ci-apr\u00e8s, sur la gen\u00e8se, la nature et l\u2019esprit de l\u2019acte du 1er Juillet 1932.<\/p><p><strong>1<sup>e<\/sup>. <\/strong>\u00a0\u00ab M. le R\u00e9sident fran\u00e7ais \u00bb : Ainsi que le prouve la d\u00e9nomination de \u00ab R\u00e9sidence \u00bb encore usit\u00e9e \u00e0 Port-Gentil pour d\u00e9signer la demeure du Chef de la circonscription des Oroungou, l\u2019appellation de \u00ab R\u00e9sident \u00bb est le titre port\u00e9 par les autorit\u00e9s europ\u00e9ennes de l\u2019\u00e9poque que r\u00e9digeant et pr\u00e9sentant \u00ab\u00a0<strong>l\u2019Acte du 1er Juillet 1932<\/strong>\u00a0\u00bb, nous avions dessein de scruter les m\u0153urs, l\u2019esprit et de ressusciter l\u2019histoire. Et ici, bien qu\u2019en notre sens, le pass\u00e9, le pr\u00e9sent et l\u2019avenir sont un, nous employons ce titre pour signifier que : autre est le temps o\u00f9 nous nous pla\u00e7ons.<\/p><p><strong>2<sup>e<\/sup><\/strong>. \u00a0\u00ab L\u2019envoy\u00e9 de Dieu \u00bb : Jean-Jules Aur\u00e8s, dit Beno\u00eet Ogoula Djemba, fils d\u2019Ikuakua et d\u2019Egoni, charg\u00e9 de la Mission \u00ab C\u00e9leste Physiologique \u00bb. La v\u00e9rit\u00e9 est une et rien ne vient de rien. \u00c1 une \u00e9poque recul\u00e9e, attir\u00e9es l\u2019une \u00e0 l\u2019autre par des sympathies, des affinit\u00e9s spirituelles, deux civilisations dans les personnes de deux hommes se rencontr\u00e8rent l\u00e0 en ce delta de l\u2019Ogoou\u00e9e, la r\u00e9sidence royale \u00e9tait alors \u00e0 Ossengatanga (agglom\u00e9ration, ville perfectionn\u00e9e, choisie). Celui-ci, ap\u00f4tre de la doctrine catholique, venait enseigner la pratique de sa religion dont la monogamie, l\u2019abandon de la tradition indig\u00e8ne \u00e9taient les principales prescriptions et la foi en un seul Dieu le principal commandement.<\/p><p>Celui-l\u00e0, chef spirituel, temporaire et de principes monoth\u00e9istes (chez lui le spirituel et le temporel sont un, le premier dirigeant le second) voit sous la diff\u00e9rence, la diversit\u00e9, la variation, l\u2019in\u00e9galit\u00e9 des symboles, des formes cultuelles, des pratiques ext\u00e9rieures, l\u2019identit\u00e9 des efforts, \u00e0 fournir, des sacrifices \u00e0 s\u2019imposer, la communaut\u00e9 d\u2019intention\u2026<\/p><p>Et c\u2019est pour le bien commun \u00e0 cette unit\u00e9, pour l\u2019\u00e9tablissement de la concorde et de l\u2019harmonie entre les races, les opinions associ\u00e9es, c\u2019est au service des v\u00e9rit\u00e9s sociales, morales que nous d\u00e9clarions avoir dessein de mettre notre activit\u00e9.<\/p><p>Nous en pr\u00e9venions toutes opinions, tous pr\u00e9jug\u00e9s susceptibles de voir ou de faire voir en nous le d\u00e9fenseur de quelque parti, de quelque race au d\u00e9triment de l\u2019amiti\u00e9, de l\u2019affection r\u00e9ciproque qui doivent exister dans les soci\u00e9t\u00e9s entre les hommes ; de la paix sociale, de la concorde, de l\u2019ordre public au raffermissement de quoi nous nous sentions appel\u00e9 \u00e0 collaborer. En notre sens, il n\u2019y a pas de politique indig\u00e8ne, mais une politique fran\u00e7aise, une id\u00e9e, une \u00e2me, un id\u00e9al fran\u00e7ais \u00e0 planter, \u00e0 cultiver, \u00e0 rehausser aux colonies ; un horizon du rayonnement de la nation fran\u00e7aise \u00e0 \u00e9largir ; un progr\u00e8s humain \u00e0 la r\u00e9alisation duquel tout homme se doit de collaborer.<\/p><p>Dure est la voie du bien, affirmons-nous. Constatation de l\u2019antagonisme entre l\u2019esprit et la mati\u00e8re, le bien et le mal.<\/p><p>Tel est l\u2019esprit de l\u2019acte du 1er Juillet 1932. Mais quelles que fussent sur notre cas les appr\u00e9hensions, les suppositions et les craintes des chefs responsables de l\u2019ordre public au Gabon ; que fut l\u2019avis \u00e9mis par le corps m\u00e9dical, ces appr\u00e9ciations ne sauraient \u00eatre tenues pour des v\u00e9rit\u00e9s absolues suffisantes \u00e0 elles, seules les explications ci-dessus fournies, le calme parfait qui r\u00e8gne \u00e0 Port-Gentil o\u00f9 toujours aucun trouble politique ne s\u2019est jamais constat\u00e9, le s\u00e9jour exempt de tout reproche de quarante-cinq mois d\u00e9j\u00e0 subi en Oubangui-Chari sont une preuve rationnelle et vraie de l\u2019innocence de notre conduite, de nos actes et de l\u2019inanit\u00e9 pour l\u2019ordre public, pour tout int\u00e9r\u00eat fran\u00e7ais du maintien de la mesure s\u00e9v\u00e8re dont nous sommes frapp\u00e9, laquelle, en cet Oubangui m\u00eame, nous prive du travail qui engendre le bien-\u00eatre mat\u00e9riel et moral qui nourrissant le corps nourrit l\u2019esprit, \u00e9l\u00e8ve l\u2019\u00e2me, ennoblit le c\u0153ur et par quoi nous soutenions une famille ; mesure que seul le souci de l\u2019ordre public avait pu dicter et qu\u2019il ne justifie plus \u00e0 pr\u00e9sent.<\/p><p>Se maintenir, maintenant dans ce pessimisme, dans cette erreur regrettable selon lesquels nous serions un danger pour l\u2019ordre public \u00e9quivaudrait, pour soutenir et justifier une opinion d\u2019\u00e9vangile, \u00e0 persister aujourd\u2019hui dans la croyance que c\u2019est le soleil qui tourne autour de la terre. Nous nous excusons d\u2019avoir retenu longtemps votre attention, mais il \u00e9tait n\u00e9cessaire et utile de repr\u00e9senter, dans leur v\u00e9ritable physionomie les choses ; d\u2019\u00e9clairer ceux qui ne savent pas et pour qui le pass\u00e9 n\u2019est pour rien dans le pr\u00e9sent et celui-ci dans l\u2019avenir ; les sages du haut si\u00e8ge gouvernemental qui ont attributions de d\u00e9cider du sort du prochain, et dont le devoir sacr\u00e9 est de soutenir la vertu, de ch\u00e9rir la v\u00e9rit\u00e9, de faire triompher et r\u00e9gner la justice, sur le sens, la port\u00e9e r\u00e9elle des expressions ; l\u2019origine, la nature et la signification exacte et v\u00e9ritable des faits. Et maintenant que, sur notre cas, le soleil de v\u00e9rit\u00e9 s\u2019est lev\u00e9, p\u00e9n\u00e9trant, \u00e9clairant le fond et dissipant les fant\u00f4mes de la nuit, et qu\u2019un regard cl\u00e9ment sur nous ne serait qu\u2019une manifestation des grands principes de la douce et spirituelle France, et n\u2019aurait que les meilleurs effets sur la politique, nous restons confiant en l\u2019\u00e2me de notre gouvernement, et fid\u00e8le \u00e0 notre intention de lui servir, dans le sens ci-dessus indiqu\u00e9 et pr\u00e9cis\u00e9. Il vous prie d\u2019agr\u00e9er, M. le R\u00e9sident, l\u2019expression de ses sentiments sinc\u00e8rement respectueux.<\/p><p>Vive la France universelle et spirituelle !<\/p><p>Bambari, le 18 Juillet 1936 Sign\u00e9 Beno\u00eet Ogoula Iquaqua<\/p>\t\t\t\t\t\t\t\t<\/div>\n\t\t\t\t<\/div>\n\t\t\t\t\t<\/div>\n\t\t\t\t<\/div>\n\t\t<div class=\"elementor-element elementor-element-709c44c e-flex e-con-boxed e-con e-child\" data-id=\"709c44c\" data-element_type=\"container\" data-e-type=\"container\" data-settings=\"{&quot;sticky&quot;:&quot;top&quot;,&quot;sticky_offset&quot;:20,&quot;sticky_offset_tablet&quot;:100,&quot;sticky_parent&quot;:&quot;yes&quot;,&quot;sticky_on&quot;:[&quot;desktop&quot;,&quot;tablet&quot;,&quot;mobile&quot;],&quot;sticky_effects_offset&quot;:0,&quot;sticky_anchor_link_offset&quot;:0}\">\n\t\t\t\t\t<div class=\"e-con-inner\">\n\t\t\t\t<div class=\"elementor-element elementor-element-dcc3c72 elementor-widget__width-initial elementor-widget elementor-widget-image\" data-id=\"dcc3c72\" data-element_type=\"widget\" data-e-type=\"widget\" data-widget_type=\"image.default\">\n\t\t\t\t<div class=\"elementor-widget-container\">\n\t\t\t\t\t\t\t\t\t\t\t\t\t\t\t<img fetchpriority=\"high\" decoding=\"async\" width=\"840\" height=\"1024\" src=\"https:\/\/ogoulaiquaqua.com\/wp-content\/uploads\/2024\/02\/ata-840x1024.jpg\" class=\"attachment-large size-large wp-image-1127\" alt=\"\" srcset=\"https:\/\/ogoulaiquaqua.com\/wp-content\/uploads\/2024\/02\/ata-840x1024.jpg 840w, https:\/\/ogoulaiquaqua.com\/wp-content\/uploads\/2024\/02\/ata-600x731.jpg 600w, https:\/\/ogoulaiquaqua.com\/wp-content\/uploads\/2024\/02\/ata-246x300.jpg 246w, https:\/\/ogoulaiquaqua.com\/wp-content\/uploads\/2024\/02\/ata-768x936.jpg 768w, https:\/\/ogoulaiquaqua.com\/wp-content\/uploads\/2024\/02\/ata.jpg 1198w\" sizes=\"(max-width: 840px) 100vw, 840px\" \/>\t\t\t\t\t\t\t\t\t\t\t\t\t\t\t<\/div>\n\t\t\t\t<\/div>\n\t\t\t\t\t<\/div>\n\t\t\t\t<\/div>\n\t\t\t\t\t<\/div>\n\t\t\t\t<\/div>\n\t\t<div class=\"elementor-element elementor-element-2f55e9e elementor-hidden-desktop elementor-hidden-tablet e-flex e-con-boxed e-con e-parent\" data-id=\"2f55e9e\" data-element_type=\"container\" data-e-type=\"container\">\n\t\t\t\t\t<div class=\"e-con-inner\">\n\t\t<div class=\"elementor-element elementor-element-a4e0bb5 e-flex e-con-boxed e-con e-child\" data-id=\"a4e0bb5\" data-element_type=\"container\" data-e-type=\"container\">\n\t\t\t\t\t<div class=\"e-con-inner\">\n\t\t\t\t<div class=\"elementor-element elementor-element-bae7a11 elementor-widget__width-initial elementor-widget elementor-widget-image\" data-id=\"bae7a11\" data-element_type=\"widget\" data-e-type=\"widget\" data-widget_type=\"image.default\">\n\t\t\t\t<div class=\"elementor-widget-container\">\n\t\t\t\t\t\t\t\t\t\t\t\t\t\t\t<img fetchpriority=\"high\" decoding=\"async\" width=\"840\" height=\"1024\" src=\"https:\/\/ogoulaiquaqua.com\/wp-content\/uploads\/2024\/02\/ata-840x1024.jpg\" class=\"attachment-large size-large wp-image-1127\" alt=\"\" srcset=\"https:\/\/ogoulaiquaqua.com\/wp-content\/uploads\/2024\/02\/ata-840x1024.jpg 840w, https:\/\/ogoulaiquaqua.com\/wp-content\/uploads\/2024\/02\/ata-600x731.jpg 600w, https:\/\/ogoulaiquaqua.com\/wp-content\/uploads\/2024\/02\/ata-246x300.jpg 246w, https:\/\/ogoulaiquaqua.com\/wp-content\/uploads\/2024\/02\/ata-768x936.jpg 768w, https:\/\/ogoulaiquaqua.com\/wp-content\/uploads\/2024\/02\/ata.jpg 1198w\" sizes=\"(max-width: 840px) 100vw, 840px\" \/>\t\t\t\t\t\t\t\t\t\t\t\t\t\t\t<\/div>\n\t\t\t\t<\/div>\n\t\t\t\t\t<\/div>\n\t\t\t\t<\/div>\n\t\t<div class=\"elementor-element elementor-element-998973e e-flex e-con-boxed e-con e-child\" data-id=\"998973e\" data-element_type=\"container\" data-e-type=\"container\">\n\t\t\t\t\t<div class=\"e-con-inner\">\n\t\t\t\t<div class=\"elementor-element elementor-element-959d7a4 elementor-widget elementor-widget-text-editor\" data-id=\"959d7a4\" data-element_type=\"widget\" data-e-type=\"widget\" data-widget_type=\"text-editor.default\">\n\t\t\t\t<div class=\"elementor-widget-container\">\n\t\t\t\t\t\t\t\t\t<p>\u00ab\u00a0Nous \u00e9clairons ci-apr\u00e8s, sur la gen\u00e8se, la nature et l\u2019esprit de l\u2019acte du 1er Juillet 1932.<\/p><p><strong>1<sup>e<\/sup>. <\/strong>\u00a0\u00ab M. le R\u00e9sident fran\u00e7ais \u00bb : Ainsi que le prouve la d\u00e9nomination de \u00ab R\u00e9sidence \u00bb encore usit\u00e9e \u00e0 Port-Gentil pour d\u00e9signer la demeure du Chef de la circonscription des Oroungou, l\u2019appellation de \u00ab R\u00e9sident \u00bb est le titre port\u00e9 par les autorit\u00e9s europ\u00e9ennes de l\u2019\u00e9poque que r\u00e9digeant et pr\u00e9sentant \u00ab\u00a0<strong>l\u2019Acte du 1er Juillet 1932<\/strong>\u00a0\u00bb, nous avions dessein de scruter les m\u0153urs, l\u2019esprit et de ressusciter l\u2019histoire. Et ici, bien qu\u2019en notre sens, le pass\u00e9, le pr\u00e9sent et l\u2019avenir sont un, nous employons ce titre pour signifier que : autre est le temps o\u00f9 nous nous pla\u00e7ons.<\/p><p><strong>2<sup>e<\/sup><\/strong>. \u00a0\u00ab L\u2019envoy\u00e9 de Dieu \u00bb : Jean-Jules Aur\u00e8s, dit Beno\u00eet Ogoula Djemba, fils d\u2019Ikuakua et d\u2019Egoni, charg\u00e9 de la Mission \u00ab C\u00e9leste Physiologique \u00bb. La v\u00e9rit\u00e9 est une et rien ne vient de rien. \u00c1 une \u00e9poque recul\u00e9e, attir\u00e9es l\u2019une \u00e0 l\u2019autre par des sympathies, des affinit\u00e9s spirituelles, deux civilisations dans les personnes de deux hommes se rencontr\u00e8rent l\u00e0 en ce delta de l\u2019Ogoou\u00e9e, la r\u00e9sidence royale \u00e9tait alors \u00e0 Ossengatanga (agglom\u00e9ration, ville perfectionn\u00e9e, choisie). Celui-ci, ap\u00f4tre de la doctrine catholique, venait enseigner la pratique de sa religion dont la monogamie, l\u2019abandon de la tradition indig\u00e8ne \u00e9taient les principales prescriptions et la foi en un seul Dieu le principal commandement.<\/p><p>Celui-l\u00e0, chef spirituel, temporaire et de principes monoth\u00e9istes (chez lui le spirituel et le temporel sont un, le premier dirigeant le second) voit sous la diff\u00e9rence, la diversit\u00e9, la variation, l\u2019in\u00e9galit\u00e9 des symboles, des formes cultuelles, des pratiques ext\u00e9rieures, l\u2019identit\u00e9 des efforts, \u00e0 fournir, des sacrifices \u00e0 s\u2019imposer, la communaut\u00e9 d\u2019intention\u2026<\/p><p>Et c\u2019est pour le bien commun \u00e0 cette unit\u00e9, pour l\u2019\u00e9tablissement de la concorde et de l\u2019harmonie entre les races, les opinions associ\u00e9es, c\u2019est au service des v\u00e9rit\u00e9s sociales, morales que nous d\u00e9clarions avoir dessein de mettre notre activit\u00e9.<\/p><p>Nous en pr\u00e9venions toutes opinions, tous pr\u00e9jug\u00e9s susceptibles de voir ou de faire voir en nous le d\u00e9fenseur de quelque parti, de quelque race au d\u00e9triment de l\u2019amiti\u00e9, de l\u2019affection r\u00e9ciproque qui doivent exister dans les soci\u00e9t\u00e9s entre les hommes ; de la paix sociale, de la concorde, de l\u2019ordre public au raffermissement de quoi nous nous sentions appel\u00e9 \u00e0 collaborer. En notre sens, il n\u2019y a pas de politique indig\u00e8ne, mais une politique fran\u00e7aise, une id\u00e9e, une \u00e2me, un id\u00e9al fran\u00e7ais \u00e0 planter, \u00e0 cultiver, \u00e0 rehausser aux colonies ; un horizon du rayonnement de la nation fran\u00e7aise \u00e0 \u00e9largir ; un progr\u00e8s humain \u00e0 la r\u00e9alisation duquel tout homme se doit de collaborer.<\/p><p>Dure est la voie du bien, affirmons-nous. Constatation de l\u2019antagonisme entre l\u2019esprit et la mati\u00e8re, le bien et le mal.<\/p><p>Tel est l\u2019esprit de l\u2019acte du 1er Juillet 1932. Mais quelles que fussent sur notre cas les appr\u00e9hensions, les suppositions et les craintes des chefs responsables de l\u2019ordre public au Gabon ; que fut l\u2019avis \u00e9mis par le corps m\u00e9dical, ces appr\u00e9ciations ne sauraient \u00eatre tenues pour des v\u00e9rit\u00e9s absolues suffisantes \u00e0 elles, seules les explications ci-dessus fournies, le calme parfait qui r\u00e8gne \u00e0 Port-Gentil o\u00f9 toujours aucun trouble politique ne s\u2019est jamais constat\u00e9, le s\u00e9jour exempt de tout reproche de quarante-cinq mois d\u00e9j\u00e0 subi en Oubangui-Chari sont une preuve rationnelle et vraie de l\u2019innocence de notre conduite, de nos actes et de l\u2019inanit\u00e9 pour l\u2019ordre public, pour tout int\u00e9r\u00eat fran\u00e7ais du maintien de la mesure s\u00e9v\u00e8re dont nous sommes frapp\u00e9, laquelle, en cet Oubangui m\u00eame, nous prive du travail qui engendre le bien-\u00eatre mat\u00e9riel et moral qui nourrissant le corps nourrit l\u2019esprit, \u00e9l\u00e8ve l\u2019\u00e2me, ennoblit le c\u0153ur et par quoi nous soutenions une famille ; mesure que seul le souci de l\u2019ordre public avait pu dicter et qu\u2019il ne justifie plus \u00e0 pr\u00e9sent.<\/p><p>Se maintenir, maintenant dans ce pessimisme, dans cette erreur regrettable selon lesquels nous serions un danger pour l\u2019ordre public \u00e9quivaudrait, pour soutenir et justifier une opinion d\u2019\u00e9vangile, \u00e0 persister aujourd\u2019hui dans la croyance que c\u2019est le soleil qui tourne autour de la terre. Nous nous excusons d\u2019avoir retenu longtemps votre attention, mais il \u00e9tait n\u00e9cessaire et utile de repr\u00e9senter, dans leur v\u00e9ritable physionomie les choses ; d\u2019\u00e9clairer ceux qui ne savent pas et pour qui le pass\u00e9 n\u2019est pour rien dans le pr\u00e9sent et celui-ci dans l\u2019avenir ; les sages du haut si\u00e8ge gouvernemental qui ont attributions de d\u00e9cider du sort du prochain, et dont le devoir sacr\u00e9 est de soutenir la vertu, de ch\u00e9rir la v\u00e9rit\u00e9, de faire triompher et r\u00e9gner la justice, sur le sens, la port\u00e9e r\u00e9elle des expressions ; l\u2019origine, la nature et la signification exacte et v\u00e9ritable des faits. Et maintenant que, sur notre cas, le soleil de v\u00e9rit\u00e9 s\u2019est lev\u00e9, p\u00e9n\u00e9trant, \u00e9clairant le fond et dissipant les fant\u00f4mes de la nuit, et qu\u2019un regard cl\u00e9ment sur nous ne serait qu\u2019une manifestation des grands principes de la douce et spirituelle France, et n\u2019aurait que les meilleurs effets sur la politique, nous restons confiant en l\u2019\u00e2me de notre gouvernement, et fid\u00e8le \u00e0 notre intention de lui servir, dans le sens ci-dessus indiqu\u00e9 et pr\u00e9cis\u00e9. Il vous prie d\u2019agr\u00e9er, M. le R\u00e9sident, l\u2019expression de ses sentiments sinc\u00e8rement respectueux.<\/p><p>Vive la France universelle et spirituelle !<\/p><p>Bambari, le 18 Juillet 1936 Sign\u00e9 Beno\u00eet Ogoula Iquaqua<\/p>\t\t\t\t\t\t\t\t<\/div>\n\t\t\t\t<\/div>\n\t\t\t\t\t<\/div>\n\t\t\t\t<\/div>\n\t\t\t\t\t<\/div>\n\t\t\t\t<\/div>\n\t\t\t\t<\/div>\n\t\t","protected":false},"excerpt":{"rendered":"<p>\u00ab\u00a0Nous \u00e9clairons ci-apr\u00e8s, sur la gen\u00e8se, la nature et l\u2019esprit de l\u2019acte du 1er Juillet 1932. 1e. \u00a0\u00ab M. le R\u00e9sident fran\u00e7ais \u00bb : Ainsi que le prouve la d\u00e9nomination de \u00ab R\u00e9sidence \u00bb encore usit\u00e9e \u00e0 Port-Gentil pour d\u00e9signer la demeure du Chef de la circonscription des Oroungou, l\u2019appellation de \u00ab R\u00e9sident \u00bb est [&hellip;]<\/p>\n","protected":false},"author":1,"featured_media":0,"parent":0,"menu_order":0,"comment_status":"closed","ping_status":"closed","template":"","meta":{"site-sidebar-layout":"no-sidebar","site-content-layout":"","ast-site-content-layout":"full-width-container","site-content-style":"default","site-sidebar-style":"default","ast-global-header-display":"","ast-banner-title-visibility":"","ast-main-header-display":"","ast-hfb-above-header-display":"","ast-hfb-below-header-display":"","ast-hfb-mobile-header-display":"","site-post-title":"disabled","ast-breadcrumbs-content":"","ast-featured-img":"disabled","footer-sml-layout":"","theme-transparent-header-meta":"default","adv-header-id-meta":"","stick-header-meta":"","header-above-stick-meta":"","header-main-stick-meta":"","header-below-stick-meta":"","astra-migrate-meta-layouts":"set","ast-page-background-enabled":"default","ast-page-background-meta":{"desktop":{"background-color":"var(--ast-global-color-4)","background-image":"","background-repeat":"repeat","background-position":"center center","background-size":"auto","background-attachment":"scroll","background-type":"","background-media":"","overlay-type":"","overlay-color":"","overlay-opacity":"","overlay-gradient":""},"tablet":{"background-color":"","background-image":"","background-repeat":"repeat","background-position":"center center","background-size":"auto","background-attachment":"scroll","background-type":"","background-media":"","overlay-type":"","overlay-color":"","overlay-opacity":"","overlay-gradient":""},"mobile":{"background-color":"","background-image":"","background-repeat":"repeat","background-position":"center center","background-size":"auto","background-attachment":"scroll","background-type":"","background-media":"","overlay-type":"","overlay-color":"","overlay-opacity":"","overlay-gradient":""}},"ast-content-background-meta":{"desktop":{"background-color":"var(--ast-global-color-5)","background-image":"","background-repeat":"repeat","background-position":"center center","background-size":"auto","background-attachment":"scroll","background-type":"","background-media":"","overlay-type":"","overlay-color":"","overlay-opacity":"","overlay-gradient":""},"tablet":{"background-color":"var(--ast-global-color-5)","background-image":"","background-repeat":"repeat","background-position":"center center","background-size":"auto","background-attachment":"scroll","background-type":"","background-media":"","overlay-type":"","overlay-color":"","overlay-opacity":"","overlay-gradient":""},"mobile":{"background-color":"var(--ast-global-color-5)","background-image":"","background-repeat":"repeat","background-position":"center center","background-size":"auto","background-attachment":"scroll","background-type":"","background-media":"","overlay-type":"","overlay-color":"","overlay-opacity":"","overlay-gradient":""}},"footnotes":""},"class_list":["post-704","page","type-page","status-publish","hentry"],"_links":{"self":[{"href":"https:\/\/ogoulaiquaqua.com\/en\/wp-json\/wp\/v2\/pages\/704","targetHints":{"allow":["GET"]}}],"collection":[{"href":"https:\/\/ogoulaiquaqua.com\/en\/wp-json\/wp\/v2\/pages"}],"about":[{"href":"https:\/\/ogoulaiquaqua.com\/en\/wp-json\/wp\/v2\/types\/page"}],"author":[{"embeddable":true,"href":"https:\/\/ogoulaiquaqua.com\/en\/wp-json\/wp\/v2\/users\/1"}],"replies":[{"embeddable":true,"href":"https:\/\/ogoulaiquaqua.com\/en\/wp-json\/wp\/v2\/comments?post=704"}],"version-history":[{"count":19,"href":"https:\/\/ogoulaiquaqua.com\/en\/wp-json\/wp\/v2\/pages\/704\/revisions"}],"predecessor-version":[{"id":1472,"href":"https:\/\/ogoulaiquaqua.com\/en\/wp-json\/wp\/v2\/pages\/704\/revisions\/1472"}],"wp:attachment":[{"href":"https:\/\/ogoulaiquaqua.com\/en\/wp-json\/wp\/v2\/media?parent=704"}],"curies":[{"name":"wp","href":"https:\/\/api.w.org\/{rel}","templated":true}]}}