{"id":800,"date":"2023-12-09T02:34:09","date_gmt":"2023-12-09T01:34:09","guid":{"rendered":"https:\/\/ogoulaiquaqua.com\/?page_id=800"},"modified":"2024-03-03T16:00:32","modified_gmt":"2024-03-03T15:00:32","slug":"les-grands-inspires","status":"publish","type":"page","link":"https:\/\/ogoulaiquaqua.com\/en\/les-grands-inspires\/","title":{"rendered":"The inspired greats"},"content":{"rendered":"\t\t<div data-elementor-type=\"wp-page\" data-elementor-id=\"800\" class=\"elementor elementor-800\" data-elementor-post-type=\"page\">\n\t\t\t\t\t\t<section class=\"elementor-section elementor-top-section elementor-element elementor-element-92f87be elementor-section-height-min-height elementor-section-boxed elementor-section-height-default elementor-section-items-middle\" data-id=\"92f87be\" data-element_type=\"section\" data-e-type=\"section\" data-settings=\"{&quot;background_background&quot;:&quot;classic&quot;}\">\n\t\t\t\t\t\t<div class=\"elementor-container elementor-column-gap-default\">\n\t\t\t\t\t<div class=\"elementor-column elementor-col-100 elementor-top-column elementor-element elementor-element-491b187\" data-id=\"491b187\" data-element_type=\"column\" data-e-type=\"column\">\n\t\t\t<div class=\"elementor-widget-wrap elementor-element-populated\">\n\t\t\t\t\t\t<div class=\"elementor-element elementor-element-dc6c9e0 elementor-widget elementor-widget-heading\" data-id=\"dc6c9e0\" data-element_type=\"widget\" data-e-type=\"widget\" data-widget_type=\"heading.default\">\n\t\t\t\t<div class=\"elementor-widget-container\">\n\t\t\t\t\t<h2 class=\"elementor-heading-title elementor-size-default\">LES GRANDS INSPIR\u00c9S<\/h2>\t\t\t\t<\/div>\n\t\t\t\t<\/div>\n\t\t\t\t\t<\/div>\n\t\t<\/div>\n\t\t\t\t\t<\/div>\n\t\t<\/section>\n\t\t<div class=\"elementor-element elementor-element-18c1e92 e-flex e-con-boxed e-con e-parent\" data-id=\"18c1e92\" data-element_type=\"container\" data-e-type=\"container\">\n\t\t\t\t\t<div class=\"e-con-inner\">\n\t\t\t\t<div class=\"elementor-element elementor-element-5d88c22 elementor-grid-4 elementor-grid-tablet-3 elementor-grid-mobile-2 elementor-widget elementor-widget-loop-grid\" data-id=\"5d88c22\" data-element_type=\"widget\" data-e-type=\"widget\" data-settings=\"{&quot;template_id&quot;:263,&quot;columns&quot;:4,&quot;alternate_template&quot;:&quot;yes&quot;,&quot;columns_tablet&quot;:3,&quot;columns_mobile&quot;:2,&quot;row_gap_mobile&quot;:{&quot;unit&quot;:&quot;px&quot;,&quot;size&quot;:10,&quot;sizes&quot;:[]},&quot;_skin&quot;:&quot;post&quot;,&quot;edit_handle_selector&quot;:&quot;[data-elementor-type=\\&quot;loop-item\\&quot;]&quot;,&quot;row_gap&quot;:{&quot;unit&quot;:&quot;px&quot;,&quot;size&quot;:&quot;&quot;,&quot;sizes&quot;:[]},&quot;row_gap_tablet&quot;:{&quot;unit&quot;:&quot;px&quot;,&quot;size&quot;:&quot;&quot;,&quot;sizes&quot;:[]}}\" data-widget_type=\"loop-grid.post\">\n\t\t\t\t<div class=\"elementor-widget-container\">\n\t\t\t\t\t\t\t<div class=\"elementor-loop-container elementor-grid\" role=\"list\">\n\t\t<style id=\"loop-263\">.elementor-263 .elementor-element.elementor-element-08ee621{--display:flex;--flex-direction:column;--container-widget-width:100%;--container-widget-height:initial;--container-widget-flex-grow:0;--container-widget-align-self:initial;--flex-wrap-mobile:wrap;}.elementor-263 .elementor-element.elementor-element-08ee621:not(.elementor-motion-effects-element-type-background), .elementor-263 .elementor-element.elementor-element-08ee621 > .elementor-motion-effects-container > .elementor-motion-effects-layer{background-color:#000000;}.elementor-widget-theme-post-featured-image .widget-image-caption{color:var( --e-global-color-text );font-family:var( --e-global-typography-text-font-family ), Sans-serif;font-weight:var( --e-global-typography-text-font-weight );}.elementor-263 .elementor-element.elementor-element-e3aa463 > .elementor-widget-container{margin:-10px -10px -10px -10px;}.elementor-widget-heading .elementor-heading-title{font-family:var( --e-global-typography-primary-font-family ), Sans-serif;font-size:var( --e-global-typography-primary-font-size );font-weight:var( --e-global-typography-primary-font-weight );color:var( --e-global-color-primary );}.elementor-263 .elementor-element.elementor-element-2f5922b .elementor-heading-title{font-family:\"Figtree\", Sans-serif;font-size:18px;font-weight:400;color:var( --e-global-color-68bd812 );}.elementor-263 .elementor-element.elementor-element-2f5922b > .elementor-widget-container{margin:0px 0px 0px 15px;padding:25px 0px 0px 0px;}.elementor-widget-theme-post-title .elementor-heading-title{font-family:var( --e-global-typography-primary-font-family ), Sans-serif;font-size:var( --e-global-typography-primary-font-size );font-weight:var( --e-global-typography-primary-font-weight );color:var( --e-global-color-primary );}.elementor-263 .elementor-element.elementor-element-20109fd .elementor-heading-title{font-family:\"Figtree\", Sans-serif;font-size:18px;font-weight:600;color:#FFFFFF;}.elementor-263 .elementor-element.elementor-element-20109fd > .elementor-widget-container{margin:40px 0px 40px 15px;}.elementor-widget-button .elementor-button{font-family:var( --e-global-typography-accent-font-family ), Sans-serif;font-weight:var( --e-global-typography-accent-font-weight );background-color:var( --e-global-color-accent );}.elementor-263 .elementor-element.elementor-element-729d5e2 .elementor-button-content-wrapper{flex-direction:row-reverse;}.elementor-263 .elementor-element.elementor-element-729d5e2 .elementor-button .elementor-button-content-wrapper{gap:10px;}.elementor-263 .elementor-element.elementor-element-729d5e2 .elementor-button{font-family:\"Figtree\", Sans-serif;font-size:16px;font-weight:500;fill:#FFFFFF;color:#FFFFFF;background-color:#61CE7000;}.elementor-263 .elementor-element.elementor-element-729d5e2 .elementor-button:hover, .elementor-263 .elementor-element.elementor-element-729d5e2 .elementor-button:focus{color:var( --e-global-color-68bd812 );}.elementor-263 .elementor-element.elementor-element-729d5e2 .elementor-button:hover svg, .elementor-263 .elementor-element.elementor-element-729d5e2 .elementor-button:focus svg{fill:var( --e-global-color-68bd812 );}.elementor-263 .elementor-element.elementor-element-729d5e2 > .elementor-widget-container{margin:0px 0px 20px -9px;}@media(max-width:1024px){.elementor-263 .elementor-element.elementor-element-08ee621{--padding-top:0px;--padding-bottom:50px;--padding-left:0px;--padding-right:0px;}.elementor-263 .elementor-element.elementor-element-e3aa463 img{width:100%;}.elementor-263 .elementor-element.elementor-element-e3aa463 > .elementor-widget-container{margin:0px 0px 0px 0px;padding:0px 0px 0px 0px;}.elementor-widget-heading .elementor-heading-title{font-size:var( --e-global-typography-primary-font-size );}.elementor-263 .elementor-element.elementor-element-2f5922b > .elementor-widget-container{margin:0px 0px 0px 0px;padding:25px 20px 0px 20px;}.elementor-widget-theme-post-title .elementor-heading-title{font-size:var( --e-global-typography-primary-font-size );}.elementor-263 .elementor-element.elementor-element-20109fd > .elementor-widget-container{margin:40px 0px 40px 0px;padding:0px 20px 0px 20px;}.elementor-263 .elementor-element.elementor-element-729d5e2 .elementor-button{padding:0px 0px 0px 0px;}.elementor-263 .elementor-element.elementor-element-729d5e2 > .elementor-widget-container{margin:0px 0px 0px 0px;padding:0px 20px 0px 20px;}}@media(max-width:767px){.elementor-263 .elementor-element.elementor-element-08ee621{--margin-top:0px;--margin-bottom:0px;--margin-left:0px;--margin-right:0px;}.elementor-263 .elementor-element.elementor-element-e3aa463 img{width:100%;}.elementor-263 .elementor-element.elementor-element-e3aa463 > .elementor-widget-container{margin:0px 0px 0px 0px;padding:0px 0px 0px 0px;}.elementor-widget-heading .elementor-heading-title{font-size:var( --e-global-typography-primary-font-size );}.elementor-widget-theme-post-title .elementor-heading-title{font-size:var( --e-global-typography-primary-font-size );}}<\/style>\t\t<div data-elementor-type=\"loop-item\" data-elementor-id=\"263\" class=\"elementor elementor-263 e-loop-item e-loop-item-813 post-813 post type-post status-publish format-standard has-post-thumbnail hentry category-les-grands-inspires category-portraits\" data-elementor-post-type=\"elementor_library\" data-custom-edit-handle=\"1\">\n\t\t\t<div class=\"elementor-element elementor-element-08ee621 e-flex e-con-boxed e-con e-parent\" data-id=\"08ee621\" data-element_type=\"container\" data-e-type=\"container\" data-settings=\"{&quot;background_background&quot;:&quot;classic&quot;}\">\n\t\t\t\t\t<div class=\"e-con-inner\">\n\t\t\t\t<div class=\"elementor-element elementor-element-e3aa463 elementor-widget elementor-widget-theme-post-featured-image elementor-widget-image\" data-id=\"e3aa463\" data-element_type=\"widget\" data-e-type=\"widget\" data-widget_type=\"theme-post-featured-image.default\">\n\t\t\t\t<div class=\"elementor-widget-container\">\n\t\t\t\t\t\t\t\t\t\t\t\t\t\t\t<img fetchpriority=\"high\" decoding=\"async\" width=\"306\" height=\"407\" src=\"https:\/\/ogoulaiquaqua.com\/wp-content\/uploads\/2023\/12\/LE-GUIDE-Bendje-6.png\" class=\"attachment-full size-full wp-image-814\" alt=\"\" srcset=\"https:\/\/ogoulaiquaqua.com\/wp-content\/uploads\/2023\/12\/LE-GUIDE-Bendje-6.png 306w, https:\/\/ogoulaiquaqua.com\/wp-content\/uploads\/2023\/12\/LE-GUIDE-Bendje-6-226x300.png 226w\" sizes=\"(max-width: 306px) 100vw, 306px\" \/>\t\t\t\t\t\t\t\t\t\t\t\t\t\t\t<\/div>\n\t\t\t\t<\/div>\n\t\t\t\t<div class=\"elementor-element elementor-element-2f5922b elementor-widget elementor-widget-heading\" data-id=\"2f5922b\" data-element_type=\"widget\" data-e-type=\"widget\" data-widget_type=\"heading.default\">\n\t\t\t\t<div class=\"elementor-widget-container\">\n\t\t\t\t\t<h2 class=\"elementor-heading-title elementor-size-default\"><span>Les grands inspir\u00e9s<\/span>, <span>Portraits<\/span><\/h2>\t\t\t\t<\/div>\n\t\t\t\t<\/div>\n\t\t\t\t<div class=\"elementor-element elementor-element-20109fd elementor-widget elementor-widget-theme-post-title elementor-page-title elementor-widget-heading\" data-id=\"20109fd\" data-element_type=\"widget\" data-e-type=\"widget\" data-widget_type=\"theme-post-title.default\">\n\t\t\t\t<div class=\"elementor-widget-container\">\n\t\t\t\t\t<h1 class=\"elementor-heading-title elementor-size-default\"><a href=\"https:\/\/ogoulaiquaqua.com\/en\/arouekaze\/\">Arou\u00e9kaz\u00e9 (Le Strat\u00e8ge)<\/a><\/h1>\t\t\t\t<\/div>\n\t\t\t\t<\/div>\n\t\t\t\t<div class=\"elementor-element elementor-element-729d5e2 elementor-widget elementor-widget-button\" data-id=\"729d5e2\" data-element_type=\"widget\" data-e-type=\"widget\" data-widget_type=\"button.default\">\n\t\t\t\t<div class=\"elementor-widget-container\">\n\t\t\t\t\t\t\t\t\t<div class=\"elementor-button-wrapper\">\n\t\t\t\t\t<a class=\"elementor-button elementor-button-link elementor-size-sm\" href=\"https:\/\/ogoulaiquaqua.com\/en\/arouekaze\/\">\n\t\t\t\t\t\t<span class=\"elementor-button-content-wrapper\">\n\t\t\t\t\t\t<span class=\"elementor-button-icon\">\n\t\t\t\t<i aria-hidden=\"true\" class=\"fas fa-arrow-right\"><\/i>\t\t\t<\/span>\n\t\t\t\t\t\t\t\t\t<span class=\"elementor-button-text\">LIRE<\/span>\n\t\t\t\t\t<\/span>\n\t\t\t\t\t<\/a>\n\t\t\t\t<\/div>\n\t\t\t\t\t\t\t\t<\/div>\n\t\t\t\t<\/div>\n\t\t\t\t\t<\/div>\n\t\t\t\t<\/div>\n\t\t\t\t<\/div>\n\t\t\t\t<\/div>\n\t\t\n\t\t\t\t\t\t<\/div>\n\t\t\t\t<\/div>\n\t\t\t\t\t<\/div>\n\t\t\t\t<\/div>\n\t\t\t\t<\/div>\n\t\t","protected":false},"excerpt":{"rendered":"<p>THE INSPIRED GREATS<\/p>","protected":false},"author":1,"featured_media":0,"parent":0,"menu_order":0,"comment_status":"closed","ping_status":"closed","template":"","meta":{"site-sidebar-layout":"no-sidebar","site-content-layout":"","ast-site-content-layout":"full-width-container","site-content-style":"default","site-sidebar-style":"default","ast-global-header-display":"","ast-banner-title-visibility":"","ast-main-header-display":"","ast-hfb-above-header-display":"","ast-hfb-below-header-display":"","ast-hfb-mobile-header-display":"","site-post-title":"disabled","ast-breadcrumbs-content":"","ast-featured-img":"disabled","footer-sml-layout":"","theme-transparent-header-meta":"default","adv-header-id-meta":"","stick-header-meta":"","header-above-stick-meta":"","header-main-stick-meta":"","header-below-stick-meta":"","astra-migrate-meta-layouts":"set","ast-page-background-enabled":"default","ast-page-background-meta":{"desktop":{"background-color":"var(--ast-global-color-4)","background-image":"","background-repeat":"repeat","background-position":"center center","background-size":"auto","background-attachment":"scroll","background-type":"","background-media":"","overlay-type":"","overlay-color":"","overlay-opacity":"","overlay-gradient":""},"tablet":{"background-color":"","background-image":"","background-repeat":"repeat","background-position":"center center","background-size":"auto","background-attachment":"scroll","background-type":"","background-media":"","overlay-type":"","overlay-color":"","overlay-opacity":"","overlay-gradient":""},"mobile":{"background-color":"","background-image":"","background-repeat":"repeat","background-position":"center center","background-size":"auto","background-attachment":"scroll","background-type":"","background-media":"","overlay-type":"","overlay-color":"","overlay-opacity":"","overlay-gradient":""}},"ast-content-background-meta":{"desktop":{"background-color":"var(--ast-global-color-5)","background-image":"","background-repeat":"repeat","background-position":"center center","background-size":"auto","background-attachment":"scroll","background-type":"","background-media":"","overlay-type":"","overlay-color":"","overlay-opacity":"","overlay-gradient":""},"tablet":{"background-color":"var(--ast-global-color-5)","background-image":"","background-repeat":"repeat","background-position":"center center","background-size":"auto","background-attachment":"scroll","background-type":"","background-media":"","overlay-type":"","overlay-color":"","overlay-opacity":"","overlay-gradient":""},"mobile":{"background-color":"var(--ast-global-color-5)","background-image":"","background-repeat":"repeat","background-position":"center center","background-size":"auto","background-attachment":"scroll","background-type":"","background-media":"","overlay-type":"","overlay-color":"","overlay-opacity":"","overlay-gradient":""}},"footnotes":""},"class_list":["post-800","page","type-page","status-publish","hentry"],"_links":{"self":[{"href":"https:\/\/ogoulaiquaqua.com\/en\/wp-json\/wp\/v2\/pages\/800","targetHints":{"allow":["GET"]}}],"collection":[{"href":"https:\/\/ogoulaiquaqua.com\/en\/wp-json\/wp\/v2\/pages"}],"about":[{"href":"https:\/\/ogoulaiquaqua.com\/en\/wp-json\/wp\/v2\/types\/page"}],"author":[{"embeddable":true,"href":"https:\/\/ogoulaiquaqua.com\/en\/wp-json\/wp\/v2\/users\/1"}],"replies":[{"embeddable":true,"href":"https:\/\/ogoulaiquaqua.com\/en\/wp-json\/wp\/v2\/comments?post=800"}],"version-history":[{"count":7,"href":"https:\/\/ogoulaiquaqua.com\/en\/wp-json\/wp\/v2\/pages\/800\/revisions"}],"predecessor-version":[{"id":1495,"href":"https:\/\/ogoulaiquaqua.com\/en\/wp-json\/wp\/v2\/pages\/800\/revisions\/1495"}],"wp:attachment":[{"href":"https:\/\/ogoulaiquaqua.com\/en\/wp-json\/wp\/v2\/media?parent=800"}],"curies":[{"name":"wp","href":"https:\/\/api.w.org\/{rel}","templated":true}]}}